{"id":4283,"date":"2026-04-29T10:00:00","date_gmt":"2026-04-29T09:00:00","guid":{"rendered":"https:\/\/nkteam.es\/?post_type=product&#038;p=4283"},"modified":"2026-04-30T20:27:41","modified_gmt":"2026-04-30T19:27:41","slug":"curso-de-conduccion-deportiva-campillos-sabado-27-junio","status":"publish","type":"product","link":"https:\/\/nkteam.es\/en\/product\/curso-de-conduccion-deportiva-campillos-sabado-27-junio","title":{"rendered":"Curso de conducci\u00f3n deportiva. Campillos. S\u00e1bado 27 de Junio"},"content":{"rendered":"<p>CIRCUITO: Campillos (circuito junior) (M\u00e1laga)<\/p>\n<p>Horario: 10.00-14.00h<\/p>\n<p>Disfruta de unas ma\u00f1ana de moto aprendiendo los conceptos b\u00e1sicos y practicando con ejercicios personalizados. El tiempo total en el circuito ser\u00e1 de 4 horas aproximadamente.<\/p>\n<p>Precio: 145\u20ac<\/p>\n<p>&#8211; \u00bfQu\u00e9 incluye este precio?<\/p>\n<ul>\n<li>Entrada al circuito<\/li>\n<li>Monitor en pista y explicaciones te\u00f3ricas<\/li>\n<li>Tanda de calentamiento, 4 tandas de ejercicios y tanda libre.<\/li>\n<li>Seguro con cobertura sanitaria ilimitada *<\/li>\n<li>Moto sin franquicia<\/li>\n<li>Gasolina, neum\u00e1ticos, reparaciones o incluso sustituci\u00f3n de moto*<\/li>\n<\/ul>\n<p>&#8211; \u00bfQu\u00e9 no incluye?<\/p>\n<p>Equipaci\u00f3n, pero ponemos a tu disposici\u00f3n la opci\u00f3n de alquilar el conjunto completo por 20\u20ac. O puedes escoger solo lo que necesites. (Mono 15\u20ac, botas 10\u20ac, casco 10\u20ac, guantes 5\u20ac)<\/p>\n<p>* Ser\u00e1 necesario un m\u00ednimo de 5 pilotos para realizar el evento.<\/p>\n<p>** Peso m\u00e1ximo permitido de piloto 105kg.<\/p>","protected":false},"excerpt":{"rendered":"<p>CIRCUITO: Campillos (circuito junior) (M\u00e1laga) Horario: 10.00-14.00h Disfruta de unas ma\u00f1ana de moto aprendiendo los conceptos b\u00e1sicos y practicando con ejercicios personalizados. El tiempo total en el circuito ser\u00e1 de [&hellip;]<\/p>","protected":false},"featured_media":4187,"comment_status":"closed","ping_status":"closed","template":"","meta":{"_uag_custom_page_level_css":"","site-sidebar-layout":"default","site-content-layout":"","ast-site-content-layout":"default","site-content-style":"default","site-sidebar-style":"default","ast-global-header-display":"","ast-banner-title-visibility":"","ast-main-header-display":"","ast-hfb-above-header-display":"","ast-hfb-below-header-display":"","ast-hfb-mobile-header-display":"","site-post-title":"","ast-breadcrumbs-content":"","ast-featured-img":"","footer-sml-layout":"","theme-transparent-header-meta":"default","adv-header-id-meta":"","stick-header-meta":"","header-above-stick-meta":"","header-main-stick-meta":"","header-below-stick-meta":"","astra-migrate-meta-layouts":"set","ast-page-background-enabled":"default","ast-page-background-meta":{"desktop":{"background-color":"","background-image":"","background-repeat":"repeat","background-position":"center center","background-size":"auto","background-attachment":"scroll","background-type":"","background-media":"","overlay-type":"","overlay-color":"","overlay-gradient":""},"tablet":{"background-color":"","background-image":"","background-repeat":"repeat","background-position":"center center","background-size":"auto","background-attachment":"scroll","background-type":"","background-media":"","overlay-type":"","overlay-color":"","overlay-gradient":""},"mobile":{"background-color":"","background-image":"","background-repeat":"repeat","background-position":"center center","background-size":"auto","background-attachment":"scroll","background-type":"","background-media":"","overlay-type":"","overlay-color":"","overlay-gradient":""}},"ast-content-background-meta":{"desktop":{"background-color":"var(--ast-global-color-5)","background-image":"","background-repeat":"repeat","background-position":"center center","background-size":"auto","background-attachment":"scroll","background-type":"","background-media":"","overlay-type":"","overlay-color":"","overlay-gradient":""},"tablet":{"background-color":"var(--ast-global-color-5)","background-image":"","background-repeat":"repeat","background-position":"center center","background-size":"auto","background-attachment":"scroll","background-type":"","background-media":"","overlay-type":"","overlay-color":"","overlay-gradient":""},"mobile":{"background-color":"var(--ast-global-color-5)","background-image":"","background-repeat":"repeat","background-position":"center center","background-size":"auto","background-attachment":"scroll","background-type":"","background-media":"","overlay-type":"","overlay-color":"","overlay-gradient":""}}},"product_brand":[],"product_cat":[35],"product_tag":[],"class_list":{"0":"post-4283","1":"product","2":"type-product","3":"status-publish","4":"has-post-thumbnail","6":"product_cat-rodadas","7":"desktop-align-center","8":"tablet-align-left","9":"mobile-align-left","11":"first","12":"outofstock","13":"sold-individually","14":"taxable","15":"shipping-taxable","16":"purchasable","17":"product-type-variable"},"yoast_head":"<!-- This site is optimized with the Yoast SEO plugin v25.2 - https:\/\/yoast.com\/wordpress\/plugins\/seo\/ -->\n<title>Curso de conducci\u00f3n deportiva. Campillos. S\u00e1bado 27 de Junio -<\/title>\n<meta name=\"robots\" content=\"index, follow, max-snippet:-1, max-image-preview:large, max-video-preview:-1\" \/>\n<link rel=\"canonical\" href=\"https:\/\/nkteam.es\/en\/product\/curso-de-conduccion-deportiva-campillos-sabado-27-junio\/\" \/>\n<meta property=\"og:locale\" content=\"en_GB\" \/>\n<meta property=\"og:type\" content=\"article\" \/>\n<meta property=\"og:title\" content=\"Curso de conducci\u00f3n deportiva. Campillos. S\u00e1bado 27 de Junio -\" \/>\n<meta property=\"og:description\" content=\"CIRCUITO: Campillos (circuito junior) (M\u00e1laga) Horario: 10.00-14.00h Disfruta de unas ma\u00f1ana de moto aprendiendo los conceptos b\u00e1sicos y practicando con ejercicios personalizados. El tiempo total en el circuito ser\u00e1 de [&hellip;]\" \/>\n<meta property=\"og:url\" content=\"https:\/\/nkteam.es\/en\/product\/curso-de-conduccion-deportiva-campillos-sabado-27-junio\/\" \/>\n<meta property=\"article:modified_time\" content=\"2026-04-30T19:27:41+00:00\" \/>\n<meta property=\"og:image\" content=\"https:\/\/nkteam.es\/wp-content\/uploads\/2026\/03\/60bf63a1-f57e-4d62-9e8c-f54efb818506.jpeg\" \/>\n\t<meta property=\"og:image:width\" content=\"1200\" \/>\n\t<meta property=\"og:image:height\" content=\"1600\" \/>\n\t<meta property=\"og:image:type\" content=\"image\/jpeg\" \/>\n<meta name=\"twitter:card\" content=\"summary_large_image\" \/>\n<meta name=\"twitter:label1\" content=\"Estimated reading time\" \/>\n\t<meta name=\"twitter:data1\" content=\"1 minute\" \/>\n<script type=\"application\/ld+json\" class=\"yoast-schema-graph\">{\"@context\":\"https:\/\/schema.org\",\"@graph\":[{\"@type\":\"WebPage\",\"@id\":\"https:\/\/nkteam.es\/producto\/curso-de-conduccion-deportiva-campillos-sabado-27-junio\",\"url\":\"https:\/\/nkteam.es\/producto\/curso-de-conduccion-deportiva-campillos-sabado-27-junio\",\"name\":\"Curso de conducci\u00f3n deportiva. Campillos. S\u00e1bado 27 de Junio -\",\"isPartOf\":{\"@id\":\"https:\/\/nkteam.es\/#website\"},\"primaryImageOfPage\":{\"@id\":\"https:\/\/nkteam.es\/producto\/curso-de-conduccion-deportiva-campillos-sabado-27-junio#primaryimage\"},\"image\":{\"@id\":\"https:\/\/nkteam.es\/producto\/curso-de-conduccion-deportiva-campillos-sabado-27-junio#primaryimage\"},\"thumbnailUrl\":\"https:\/\/i0.wp.com\/nkteam.es\/wp-content\/uploads\/2026\/03\/60bf63a1-f57e-4d62-9e8c-f54efb818506.jpeg?fit=1200%2C1600&ssl=1\",\"datePublished\":\"2026-04-29T09:00:00+00:00\",\"dateModified\":\"2026-04-30T19:27:41+00:00\",\"breadcrumb\":{\"@id\":\"https:\/\/nkteam.es\/producto\/curso-de-conduccion-deportiva-campillos-sabado-27-junio#breadcrumb\"},\"inLanguage\":\"en-GB\",\"potentialAction\":[{\"@type\":\"ReadAction\",\"target\":[\"https:\/\/nkteam.es\/producto\/curso-de-conduccion-deportiva-campillos-sabado-27-junio\"]}]},{\"@type\":\"ImageObject\",\"inLanguage\":\"en-GB\",\"@id\":\"https:\/\/nkteam.es\/producto\/curso-de-conduccion-deportiva-campillos-sabado-27-junio#primaryimage\",\"url\":\"https:\/\/i0.wp.com\/nkteam.es\/wp-content\/uploads\/2026\/03\/60bf63a1-f57e-4d62-9e8c-f54efb818506.jpeg?fit=1200%2C1600&ssl=1\",\"contentUrl\":\"https:\/\/i0.wp.com\/nkteam.es\/wp-content\/uploads\/2026\/03\/60bf63a1-f57e-4d62-9e8c-f54efb818506.jpeg?fit=1200%2C1600&ssl=1\",\"width\":1200,\"height\":1600},{\"@type\":\"BreadcrumbList\",\"@id\":\"https:\/\/nkteam.es\/producto\/curso-de-conduccion-deportiva-campillos-sabado-27-junio#breadcrumb\",\"itemListElement\":[{\"@type\":\"ListItem\",\"position\":1,\"name\":\"Pitbike\",\"item\":\"https:\/\/nkteam.es\/\"},{\"@type\":\"ListItem\",\"position\":2,\"name\":\"Pr\u00f3ximos Eventos\",\"item\":\"https:\/\/nkteam.es\/proximos_eventos\"},{\"@type\":\"ListItem\",\"position\":3,\"name\":\"Curso de conducci\u00f3n deportiva. Campillos. S\u00e1bado 27 de Junio\"}]},{\"@type\":\"WebSite\",\"@id\":\"https:\/\/nkteam.es\/#website\",\"url\":\"https:\/\/nkteam.es\/\",\"name\":\"\",\"description\":\"\",\"potentialAction\":[{\"@type\":\"SearchAction\",\"target\":{\"@type\":\"EntryPoint\",\"urlTemplate\":\"https:\/\/nkteam.es\/?s={search_term_string}\"},\"query-input\":{\"@type\":\"PropertyValueSpecification\",\"valueRequired\":true,\"valueName\":\"search_term_string\"}}],\"inLanguage\":\"en-GB\"}]}<\/script>\n<!-- \/ Yoast SEO plugin. -->","yoast_head_json":{"title":"Curso de conducci\u00f3n deportiva. Campillos. S\u00e1bado 27 de Junio -","robots":{"index":"index","follow":"follow","max-snippet":"max-snippet:-1","max-image-preview":"max-image-preview:large","max-video-preview":"max-video-preview:-1"},"canonical":"https:\/\/nkteam.es\/en\/product\/curso-de-conduccion-deportiva-campillos-sabado-27-junio\/","og_locale":"en_GB","og_type":"article","og_title":"Curso de conducci\u00f3n deportiva. Campillos. S\u00e1bado 27 de Junio -","og_description":"CIRCUITO: Campillos (circuito junior) (M\u00e1laga) Horario: 10.00-14.00h Disfruta de unas ma\u00f1ana de moto aprendiendo los conceptos b\u00e1sicos y practicando con ejercicios personalizados. El tiempo total en el circuito ser\u00e1 de [&hellip;]","og_url":"https:\/\/nkteam.es\/en\/product\/curso-de-conduccion-deportiva-campillos-sabado-27-junio\/","article_modified_time":"2026-04-30T19:27:41+00:00","og_image":[{"width":1200,"height":1600,"url":"https:\/\/nkteam.es\/wp-content\/uploads\/2026\/03\/60bf63a1-f57e-4d62-9e8c-f54efb818506.jpeg","type":"image\/jpeg"}],"twitter_card":"summary_large_image","twitter_misc":{"Estimated reading time":"1 minute"},"schema":{"@context":"https:\/\/schema.org","@graph":[{"@type":"WebPage","@id":"https:\/\/nkteam.es\/producto\/curso-de-conduccion-deportiva-campillos-sabado-27-junio","url":"https:\/\/nkteam.es\/producto\/curso-de-conduccion-deportiva-campillos-sabado-27-junio","name":"Curso de conducci\u00f3n deportiva. Campillos. S\u00e1bado 27 de Junio -","isPartOf":{"@id":"https:\/\/nkteam.es\/#website"},"primaryImageOfPage":{"@id":"https:\/\/nkteam.es\/producto\/curso-de-conduccion-deportiva-campillos-sabado-27-junio#primaryimage"},"image":{"@id":"https:\/\/nkteam.es\/producto\/curso-de-conduccion-deportiva-campillos-sabado-27-junio#primaryimage"},"thumbnailUrl":"https:\/\/i0.wp.com\/nkteam.es\/wp-content\/uploads\/2026\/03\/60bf63a1-f57e-4d62-9e8c-f54efb818506.jpeg?fit=1200%2C1600&ssl=1","datePublished":"2026-04-29T09:00:00+00:00","dateModified":"2026-04-30T19:27:41+00:00","breadcrumb":{"@id":"https:\/\/nkteam.es\/producto\/curso-de-conduccion-deportiva-campillos-sabado-27-junio#breadcrumb"},"inLanguage":"en-GB","potentialAction":[{"@type":"ReadAction","target":["https:\/\/nkteam.es\/producto\/curso-de-conduccion-deportiva-campillos-sabado-27-junio"]}]},{"@type":"ImageObject","inLanguage":"en-GB","@id":"https:\/\/nkteam.es\/producto\/curso-de-conduccion-deportiva-campillos-sabado-27-junio#primaryimage","url":"https:\/\/i0.wp.com\/nkteam.es\/wp-content\/uploads\/2026\/03\/60bf63a1-f57e-4d62-9e8c-f54efb818506.jpeg?fit=1200%2C1600&ssl=1","contentUrl":"https:\/\/i0.wp.com\/nkteam.es\/wp-content\/uploads\/2026\/03\/60bf63a1-f57e-4d62-9e8c-f54efb818506.jpeg?fit=1200%2C1600&ssl=1","width":1200,"height":1600},{"@type":"BreadcrumbList","@id":"https:\/\/nkteam.es\/producto\/curso-de-conduccion-deportiva-campillos-sabado-27-junio#breadcrumb","itemListElement":[{"@type":"ListItem","position":1,"name":"Pitbike","item":"https:\/\/nkteam.es\/"},{"@type":"ListItem","position":2,"name":"Pr\u00f3ximos Eventos","item":"https:\/\/nkteam.es\/proximos_eventos"},{"@type":"ListItem","position":3,"name":"Curso de conducci\u00f3n deportiva. Campillos. S\u00e1bado 27 de Junio"}]},{"@type":"WebSite","@id":"https:\/\/nkteam.es\/#website","url":"https:\/\/nkteam.es\/","name":"","description":"","potentialAction":[{"@type":"SearchAction","target":{"@type":"EntryPoint","urlTemplate":"https:\/\/nkteam.es\/?s={search_term_string}"},"query-input":{"@type":"PropertyValueSpecification","valueRequired":true,"valueName":"search_term_string"}}],"inLanguage":"en-GB"}]}},"uagb_featured_image_src":{"full":["https:\/\/i0.wp.com\/nkteam.es\/wp-content\/uploads\/2026\/03\/60bf63a1-f57e-4d62-9e8c-f54efb818506.jpeg?fit=1200%2C1600&ssl=1",1200,1600,false],"thumbnail":["https:\/\/i0.wp.com\/nkteam.es\/wp-content\/uploads\/2026\/03\/60bf63a1-f57e-4d62-9e8c-f54efb818506.jpeg?resize=150%2C150&ssl=1",150,150,true],"medium":["https:\/\/i0.wp.com\/nkteam.es\/wp-content\/uploads\/2026\/03\/60bf63a1-f57e-4d62-9e8c-f54efb818506.jpeg?fit=225%2C300&ssl=1",225,300,true],"medium_large":["https:\/\/i0.wp.com\/nkteam.es\/wp-content\/uploads\/2026\/03\/60bf63a1-f57e-4d62-9e8c-f54efb818506.jpeg?fit=768%2C1024&ssl=1",768,1024,true],"large":["https:\/\/i0.wp.com\/nkteam.es\/wp-content\/uploads\/2026\/03\/60bf63a1-f57e-4d62-9e8c-f54efb818506.jpeg?fit=768%2C1024&ssl=1",768,1024,true],"1536x1536":["https:\/\/i0.wp.com\/nkteam.es\/wp-content\/uploads\/2026\/03\/60bf63a1-f57e-4d62-9e8c-f54efb818506.jpeg?fit=1152%2C1536&ssl=1",1152,1536,true],"2048x2048":["https:\/\/i0.wp.com\/nkteam.es\/wp-content\/uploads\/2026\/03\/60bf63a1-f57e-4d62-9e8c-f54efb818506.jpeg?fit=1200%2C1600&ssl=1",1200,1600,true],"trp-custom-language-flag":["https:\/\/i0.wp.com\/nkteam.es\/wp-content\/uploads\/2026\/03\/60bf63a1-f57e-4d62-9e8c-f54efb818506.jpeg?fit=9%2C12&ssl=1",9,12,true],"woocommerce_thumbnail":["https:\/\/i0.wp.com\/nkteam.es\/wp-content\/uploads\/2026\/03\/60bf63a1-f57e-4d62-9e8c-f54efb818506.jpeg?resize=300%2C300&ssl=1",300,300,true],"woocommerce_single":["https:\/\/i0.wp.com\/nkteam.es\/wp-content\/uploads\/2026\/03\/60bf63a1-f57e-4d62-9e8c-f54efb818506.jpeg?fit=600%2C800&ssl=1",600,800,true],"woocommerce_gallery_thumbnail":["https:\/\/i0.wp.com\/nkteam.es\/wp-content\/uploads\/2026\/03\/60bf63a1-f57e-4d62-9e8c-f54efb818506.jpeg?resize=100%2C100&ssl=1",100,100,true]},"uagb_author_info":{"display_name":"MDur\u00e1n","author_link":"https:\/\/nkteam.es\/en\/author"},"uagb_comment_info":0,"uagb_excerpt":"CIRCUITO: Campillos (circuito junior) (M\u00e1laga) Horario: 10.00-14.00h Disfruta de unas ma\u00f1ana de moto aprendiendo los conceptos b\u00e1sicos y practicando con ejercicios personalizados. El tiempo total en el circuito ser\u00e1 de [&hellip;]","jetpack_sharing_enabled":true,"_links":{"self":[{"href":"https:\/\/nkteam.es\/en\/wp-json\/wp\/v2\/product\/4283","targetHints":{"allow":["GET"]}}],"collection":[{"href":"https:\/\/nkteam.es\/en\/wp-json\/wp\/v2\/product"}],"about":[{"href":"https:\/\/nkteam.es\/en\/wp-json\/wp\/v2\/types\/product"}],"replies":[{"embeddable":true,"href":"https:\/\/nkteam.es\/en\/wp-json\/wp\/v2\/comments?post=4283"}],"version-history":[{"count":1,"href":"https:\/\/nkteam.es\/en\/wp-json\/wp\/v2\/product\/4283\/revisions"}],"predecessor-version":[{"id":4290,"href":"https:\/\/nkteam.es\/en\/wp-json\/wp\/v2\/product\/4283\/revisions\/4290"}],"wp:featuredmedia":[{"embeddable":true,"href":"https:\/\/nkteam.es\/en\/wp-json\/wp\/v2\/media\/4187"}],"wp:attachment":[{"href":"https:\/\/nkteam.es\/en\/wp-json\/wp\/v2\/media?parent=4283"}],"wp:term":[{"taxonomy":"product_brand","embeddable":true,"href":"https:\/\/nkteam.es\/en\/wp-json\/wp\/v2\/product_brand?post=4283"},{"taxonomy":"product_cat","embeddable":true,"href":"https:\/\/nkteam.es\/en\/wp-json\/wp\/v2\/product_cat?post=4283"},{"taxonomy":"product_tag","embeddable":true,"href":"https:\/\/nkteam.es\/en\/wp-json\/wp\/v2\/product_tag?post=4283"}],"curies":[{"name":"wp","href":"https:\/\/api.w.org\/{rel}","templated":true}]}}