{"id":4251,"date":"2026-04-16T10:40:17","date_gmt":"2026-04-16T09:40:17","guid":{"rendered":"https:\/\/nkteam.es\/?post_type=product&#038;p=4251"},"modified":"2026-04-16T11:29:42","modified_gmt":"2026-04-16T10:29:42","slug":"curso-de-conduccion-deportiva-campillos-domingo-24-de-mayo-grupo-tarde","status":"publish","type":"product","link":"https:\/\/nkteam.es\/en\/product\/curso-de-conduccion-deportiva-campillos-domingo-24-de-mayo-grupo-tarde","title":{"rendered":"Curso de conducci\u00f3n deportiva. Campillos. Domingo 24 de Mayo. Grupo TARDE"},"content":{"rendered":"<p>CIRCUITO: Campillos (circuito junior) (M\u00e1laga)<\/p>\n<p>Horario: 15.00h &#8211; 18.00h<\/p>\n<p>Disfruta de una tarde de moto aprendiendo los conceptos b\u00e1sicos y practicando con ejercicios personalizados. El tiempo total en el circuito ser\u00e1 de 3 horas aproximadamente.<\/p>\n<p>Precio: 145\u20ac<\/p>\n<p>&#8211; \u00bfQu\u00e9 incluye este precio?<\/p>\n<ul>\n<li>Entrada al circuito<\/li>\n<li>Monitor en pista y explicaciones te\u00f3ricas<\/li>\n<li>Tanda de calentamiento, 4 tandas de ejercicios y tanda libre.<\/li>\n<li>Seguro con cobertura sanitaria ilimitada *<\/li>\n<li>Moto sin franquicia<\/li>\n<li>Gasolina, neum\u00e1ticos, reparaciones o incluso sustituci\u00f3n de moto*<\/li>\n<\/ul>\n<p>&#8211; \u00bfQu\u00e9 no incluye?<\/p>\n<p>Equipaci\u00f3n, pero ponemos a tu disposici\u00f3n la opci\u00f3n de alquilar el conjunto completo por 20\u20ac. O puedes escoger solo lo que necesites. (Mono 15\u20ac, botas 10\u20ac, casco 10\u20ac, guantes 5\u20ac)<\/p>\n<p>* Ser\u00e1 necesario un m\u00ednimo de 5 pilotos para realizar el evento.<\/p>\n<p>** Peso m\u00e1ximo permitido de piloto 105kg.<\/p>","protected":false},"excerpt":{"rendered":"<p>CIRCUITO: Campillos (circuito junior) (M\u00e1laga) Horario: 15.00h &#8211; 18.00h Disfruta de una tarde de moto aprendiendo los conceptos b\u00e1sicos y practicando con ejercicios personalizados. El tiempo total en el circuito [&hellip;]<\/p>","protected":false},"featured_media":3769,"comment_status":"closed","ping_status":"closed","template":"","meta":{"_uag_custom_page_level_css":"","site-sidebar-layout":"default","site-content-layout":"","ast-site-content-layout":"default","site-content-style":"default","site-sidebar-style":"default","ast-global-header-display":"","ast-banner-title-visibility":"","ast-main-header-display":"","ast-hfb-above-header-display":"","ast-hfb-below-header-display":"","ast-hfb-mobile-header-display":"","site-post-title":"","ast-breadcrumbs-content":"","ast-featured-img":"","footer-sml-layout":"","theme-transparent-header-meta":"default","adv-header-id-meta":"","stick-header-meta":"","header-above-stick-meta":"","header-main-stick-meta":"","header-below-stick-meta":"","astra-migrate-meta-layouts":"set","ast-page-background-enabled":"default","ast-page-background-meta":{"desktop":{"background-color":"","background-image":"","background-repeat":"repeat","background-position":"center center","background-size":"auto","background-attachment":"scroll","background-type":"","background-media":"","overlay-type":"","overlay-color":"","overlay-gradient":""},"tablet":{"background-color":"","background-image":"","background-repeat":"repeat","background-position":"center center","background-size":"auto","background-attachment":"scroll","background-type":"","background-media":"","overlay-type":"","overlay-color":"","overlay-gradient":""},"mobile":{"background-color":"","background-image":"","background-repeat":"repeat","background-position":"center center","background-size":"auto","background-attachment":"scroll","background-type":"","background-media":"","overlay-type":"","overlay-color":"","overlay-gradient":""}},"ast-content-background-meta":{"desktop":{"background-color":"var(--ast-global-color-5)","background-image":"","background-repeat":"repeat","background-position":"center center","background-size":"auto","background-attachment":"scroll","background-type":"","background-media":"","overlay-type":"","overlay-color":"","overlay-gradient":""},"tablet":{"background-color":"var(--ast-global-color-5)","background-image":"","background-repeat":"repeat","background-position":"center center","background-size":"auto","background-attachment":"scroll","background-type":"","background-media":"","overlay-type":"","overlay-color":"","overlay-gradient":""},"mobile":{"background-color":"var(--ast-global-color-5)","background-image":"","background-repeat":"repeat","background-position":"center center","background-size":"auto","background-attachment":"scroll","background-type":"","background-media":"","overlay-type":"","overlay-color":"","overlay-gradient":""}}},"product_brand":[],"product_cat":[35],"product_tag":[],"class_list":{"0":"post-4251","1":"product","2":"type-product","3":"status-publish","4":"has-post-thumbnail","6":"product_cat-rodadas","7":"desktop-align-center","8":"tablet-align-left","9":"mobile-align-left","11":"first","12":"outofstock","13":"sold-individually","14":"taxable","15":"shipping-taxable","16":"purchasable","17":"product-type-variable"},"yoast_head":"<!-- This site is optimized with the Yoast SEO plugin v25.2 - https:\/\/yoast.com\/wordpress\/plugins\/seo\/ -->\n<title>Curso de conducci\u00f3n deportiva. Campillos. Domingo 24 de Mayo. Grupo TARDE -<\/title>\n<meta name=\"robots\" content=\"index, follow, max-snippet:-1, max-image-preview:large, max-video-preview:-1\" \/>\n<link rel=\"canonical\" href=\"https:\/\/nkteam.es\/en\/product\/curso-de-conduccion-deportiva-campillos-domingo-24-de-mayo-grupo-tarde\/\" \/>\n<meta property=\"og:locale\" content=\"en_GB\" \/>\n<meta property=\"og:type\" content=\"article\" \/>\n<meta property=\"og:title\" content=\"Curso de conducci\u00f3n deportiva. Campillos. Domingo 24 de Mayo. Grupo TARDE -\" \/>\n<meta property=\"og:description\" content=\"CIRCUITO: Campillos (circuito junior) (M\u00e1laga) Horario: 15.00h &#8211; 18.00h Disfruta de una tarde de moto aprendiendo los conceptos b\u00e1sicos y practicando con ejercicios personalizados. El tiempo total en el circuito [&hellip;]\" \/>\n<meta property=\"og:url\" content=\"https:\/\/nkteam.es\/en\/product\/curso-de-conduccion-deportiva-campillos-domingo-24-de-mayo-grupo-tarde\/\" \/>\n<meta property=\"article:modified_time\" content=\"2026-04-16T10:29:42+00:00\" \/>\n<meta property=\"og:image\" content=\"https:\/\/nkteam.es\/wp-content\/uploads\/2025\/06\/2f87ebb4-a99b-4b0a-9888-7a5efc725a13.jpeg\" \/>\n\t<meta property=\"og:image:width\" content=\"2336\" \/>\n\t<meta property=\"og:image:height\" content=\"2336\" \/>\n\t<meta property=\"og:image:type\" content=\"image\/jpeg\" \/>\n<meta name=\"twitter:card\" content=\"summary_large_image\" \/>\n<meta name=\"twitter:label1\" content=\"Estimated reading time\" \/>\n\t<meta name=\"twitter:data1\" content=\"1 minute\" \/>\n<script type=\"application\/ld+json\" class=\"yoast-schema-graph\">{\"@context\":\"https:\/\/schema.org\",\"@graph\":[{\"@type\":\"WebPage\",\"@id\":\"https:\/\/nkteam.es\/producto\/curso-de-conduccion-deportiva-campillos-domingo-24-de-mayo-grupo-tarde\",\"url\":\"https:\/\/nkteam.es\/producto\/curso-de-conduccion-deportiva-campillos-domingo-24-de-mayo-grupo-tarde\",\"name\":\"Curso de conducci\u00f3n deportiva. Campillos. Domingo 24 de Mayo. Grupo TARDE -\",\"isPartOf\":{\"@id\":\"https:\/\/nkteam.es\/#website\"},\"primaryImageOfPage\":{\"@id\":\"https:\/\/nkteam.es\/producto\/curso-de-conduccion-deportiva-campillos-domingo-24-de-mayo-grupo-tarde#primaryimage\"},\"image\":{\"@id\":\"https:\/\/nkteam.es\/producto\/curso-de-conduccion-deportiva-campillos-domingo-24-de-mayo-grupo-tarde#primaryimage\"},\"thumbnailUrl\":\"https:\/\/i0.wp.com\/nkteam.es\/wp-content\/uploads\/2025\/06\/2f87ebb4-a99b-4b0a-9888-7a5efc725a13.jpeg?fit=2336%2C2336&ssl=1\",\"datePublished\":\"2026-04-16T09:40:17+00:00\",\"dateModified\":\"2026-04-16T10:29:42+00:00\",\"breadcrumb\":{\"@id\":\"https:\/\/nkteam.es\/producto\/curso-de-conduccion-deportiva-campillos-domingo-24-de-mayo-grupo-tarde#breadcrumb\"},\"inLanguage\":\"en-GB\",\"potentialAction\":[{\"@type\":\"ReadAction\",\"target\":[\"https:\/\/nkteam.es\/producto\/curso-de-conduccion-deportiva-campillos-domingo-24-de-mayo-grupo-tarde\"]}]},{\"@type\":\"ImageObject\",\"inLanguage\":\"en-GB\",\"@id\":\"https:\/\/nkteam.es\/producto\/curso-de-conduccion-deportiva-campillos-domingo-24-de-mayo-grupo-tarde#primaryimage\",\"url\":\"https:\/\/i0.wp.com\/nkteam.es\/wp-content\/uploads\/2025\/06\/2f87ebb4-a99b-4b0a-9888-7a5efc725a13.jpeg?fit=2336%2C2336&ssl=1\",\"contentUrl\":\"https:\/\/i0.wp.com\/nkteam.es\/wp-content\/uploads\/2025\/06\/2f87ebb4-a99b-4b0a-9888-7a5efc725a13.jpeg?fit=2336%2C2336&ssl=1\",\"width\":2336,\"height\":2336},{\"@type\":\"BreadcrumbList\",\"@id\":\"https:\/\/nkteam.es\/producto\/curso-de-conduccion-deportiva-campillos-domingo-24-de-mayo-grupo-tarde#breadcrumb\",\"itemListElement\":[{\"@type\":\"ListItem\",\"position\":1,\"name\":\"Pitbike\",\"item\":\"https:\/\/nkteam.es\/\"},{\"@type\":\"ListItem\",\"position\":2,\"name\":\"Pr\u00f3ximos Eventos\",\"item\":\"https:\/\/nkteam.es\/proximos_eventos\"},{\"@type\":\"ListItem\",\"position\":3,\"name\":\"Curso de conducci\u00f3n deportiva. Campillos. Domingo 24 de Mayo. Grupo TARDE\"}]},{\"@type\":\"WebSite\",\"@id\":\"https:\/\/nkteam.es\/#website\",\"url\":\"https:\/\/nkteam.es\/\",\"name\":\"\",\"description\":\"\",\"potentialAction\":[{\"@type\":\"SearchAction\",\"target\":{\"@type\":\"EntryPoint\",\"urlTemplate\":\"https:\/\/nkteam.es\/?s={search_term_string}\"},\"query-input\":{\"@type\":\"PropertyValueSpecification\",\"valueRequired\":true,\"valueName\":\"search_term_string\"}}],\"inLanguage\":\"en-GB\"}]}<\/script>\n<!-- \/ Yoast SEO plugin. -->","yoast_head_json":{"title":"Curso de conducci\u00f3n deportiva. Campillos. Domingo 24 de Mayo. Grupo TARDE -","robots":{"index":"index","follow":"follow","max-snippet":"max-snippet:-1","max-image-preview":"max-image-preview:large","max-video-preview":"max-video-preview:-1"},"canonical":"https:\/\/nkteam.es\/en\/product\/curso-de-conduccion-deportiva-campillos-domingo-24-de-mayo-grupo-tarde\/","og_locale":"en_GB","og_type":"article","og_title":"Curso de conducci\u00f3n deportiva. Campillos. Domingo 24 de Mayo. Grupo TARDE -","og_description":"CIRCUITO: Campillos (circuito junior) (M\u00e1laga) Horario: 15.00h &#8211; 18.00h Disfruta de una tarde de moto aprendiendo los conceptos b\u00e1sicos y practicando con ejercicios personalizados. El tiempo total en el circuito [&hellip;]","og_url":"https:\/\/nkteam.es\/en\/product\/curso-de-conduccion-deportiva-campillos-domingo-24-de-mayo-grupo-tarde\/","article_modified_time":"2026-04-16T10:29:42+00:00","og_image":[{"width":2336,"height":2336,"url":"https:\/\/nkteam.es\/wp-content\/uploads\/2025\/06\/2f87ebb4-a99b-4b0a-9888-7a5efc725a13.jpeg","type":"image\/jpeg"}],"twitter_card":"summary_large_image","twitter_misc":{"Estimated reading time":"1 minute"},"schema":{"@context":"https:\/\/schema.org","@graph":[{"@type":"WebPage","@id":"https:\/\/nkteam.es\/producto\/curso-de-conduccion-deportiva-campillos-domingo-24-de-mayo-grupo-tarde","url":"https:\/\/nkteam.es\/producto\/curso-de-conduccion-deportiva-campillos-domingo-24-de-mayo-grupo-tarde","name":"Curso de conducci\u00f3n deportiva. Campillos. Domingo 24 de Mayo. Grupo TARDE -","isPartOf":{"@id":"https:\/\/nkteam.es\/#website"},"primaryImageOfPage":{"@id":"https:\/\/nkteam.es\/producto\/curso-de-conduccion-deportiva-campillos-domingo-24-de-mayo-grupo-tarde#primaryimage"},"image":{"@id":"https:\/\/nkteam.es\/producto\/curso-de-conduccion-deportiva-campillos-domingo-24-de-mayo-grupo-tarde#primaryimage"},"thumbnailUrl":"https:\/\/i0.wp.com\/nkteam.es\/wp-content\/uploads\/2025\/06\/2f87ebb4-a99b-4b0a-9888-7a5efc725a13.jpeg?fit=2336%2C2336&ssl=1","datePublished":"2026-04-16T09:40:17+00:00","dateModified":"2026-04-16T10:29:42+00:00","breadcrumb":{"@id":"https:\/\/nkteam.es\/producto\/curso-de-conduccion-deportiva-campillos-domingo-24-de-mayo-grupo-tarde#breadcrumb"},"inLanguage":"en-GB","potentialAction":[{"@type":"ReadAction","target":["https:\/\/nkteam.es\/producto\/curso-de-conduccion-deportiva-campillos-domingo-24-de-mayo-grupo-tarde"]}]},{"@type":"ImageObject","inLanguage":"en-GB","@id":"https:\/\/nkteam.es\/producto\/curso-de-conduccion-deportiva-campillos-domingo-24-de-mayo-grupo-tarde#primaryimage","url":"https:\/\/i0.wp.com\/nkteam.es\/wp-content\/uploads\/2025\/06\/2f87ebb4-a99b-4b0a-9888-7a5efc725a13.jpeg?fit=2336%2C2336&ssl=1","contentUrl":"https:\/\/i0.wp.com\/nkteam.es\/wp-content\/uploads\/2025\/06\/2f87ebb4-a99b-4b0a-9888-7a5efc725a13.jpeg?fit=2336%2C2336&ssl=1","width":2336,"height":2336},{"@type":"BreadcrumbList","@id":"https:\/\/nkteam.es\/producto\/curso-de-conduccion-deportiva-campillos-domingo-24-de-mayo-grupo-tarde#breadcrumb","itemListElement":[{"@type":"ListItem","position":1,"name":"Pitbike","item":"https:\/\/nkteam.es\/"},{"@type":"ListItem","position":2,"name":"Pr\u00f3ximos Eventos","item":"https:\/\/nkteam.es\/proximos_eventos"},{"@type":"ListItem","position":3,"name":"Curso de conducci\u00f3n deportiva. Campillos. Domingo 24 de Mayo. Grupo TARDE"}]},{"@type":"WebSite","@id":"https:\/\/nkteam.es\/#website","url":"https:\/\/nkteam.es\/","name":"","description":"","potentialAction":[{"@type":"SearchAction","target":{"@type":"EntryPoint","urlTemplate":"https:\/\/nkteam.es\/?s={search_term_string}"},"query-input":{"@type":"PropertyValueSpecification","valueRequired":true,"valueName":"search_term_string"}}],"inLanguage":"en-GB"}]}},"uagb_featured_image_src":{"full":["https:\/\/i0.wp.com\/nkteam.es\/wp-content\/uploads\/2025\/06\/2f87ebb4-a99b-4b0a-9888-7a5efc725a13.jpeg?fit=2336%2C2336&ssl=1",2336,2336,false],"thumbnail":["https:\/\/i0.wp.com\/nkteam.es\/wp-content\/uploads\/2025\/06\/2f87ebb4-a99b-4b0a-9888-7a5efc725a13.jpeg?resize=150%2C150&ssl=1",150,150,true],"medium":["https:\/\/i0.wp.com\/nkteam.es\/wp-content\/uploads\/2025\/06\/2f87ebb4-a99b-4b0a-9888-7a5efc725a13.jpeg?fit=300%2C300&ssl=1",300,300,true],"medium_large":["https:\/\/i0.wp.com\/nkteam.es\/wp-content\/uploads\/2025\/06\/2f87ebb4-a99b-4b0a-9888-7a5efc725a13.jpeg?fit=768%2C768&ssl=1",768,768,true],"large":["https:\/\/i0.wp.com\/nkteam.es\/wp-content\/uploads\/2025\/06\/2f87ebb4-a99b-4b0a-9888-7a5efc725a13.jpeg?fit=1024%2C1024&ssl=1",1024,1024,true],"1536x1536":["https:\/\/i0.wp.com\/nkteam.es\/wp-content\/uploads\/2025\/06\/2f87ebb4-a99b-4b0a-9888-7a5efc725a13.jpeg?fit=1536%2C1536&ssl=1",1536,1536,true],"2048x2048":["https:\/\/i0.wp.com\/nkteam.es\/wp-content\/uploads\/2025\/06\/2f87ebb4-a99b-4b0a-9888-7a5efc725a13.jpeg?fit=2048%2C2048&ssl=1",2048,2048,true],"trp-custom-language-flag":["https:\/\/i0.wp.com\/nkteam.es\/wp-content\/uploads\/2025\/06\/2f87ebb4-a99b-4b0a-9888-7a5efc725a13.jpeg?fit=12%2C12&ssl=1",12,12,true],"woocommerce_thumbnail":["https:\/\/i0.wp.com\/nkteam.es\/wp-content\/uploads\/2025\/06\/2f87ebb4-a99b-4b0a-9888-7a5efc725a13.jpeg?resize=300%2C300&ssl=1",300,300,true],"woocommerce_single":["https:\/\/i0.wp.com\/nkteam.es\/wp-content\/uploads\/2025\/06\/2f87ebb4-a99b-4b0a-9888-7a5efc725a13.jpeg?fit=600%2C600&ssl=1",600,600,true],"woocommerce_gallery_thumbnail":["https:\/\/i0.wp.com\/nkteam.es\/wp-content\/uploads\/2025\/06\/2f87ebb4-a99b-4b0a-9888-7a5efc725a13.jpeg?resize=100%2C100&ssl=1",100,100,true]},"uagb_author_info":{"display_name":"MDur\u00e1n","author_link":"https:\/\/nkteam.es\/en\/author"},"uagb_comment_info":0,"uagb_excerpt":"CIRCUITO: Campillos (circuito junior) (M\u00e1laga) Horario: 15.00h &#8211; 18.00h Disfruta de una tarde de moto aprendiendo los conceptos b\u00e1sicos y practicando con ejercicios personalizados. El tiempo total en el circuito [&hellip;]","jetpack_sharing_enabled":true,"_links":{"self":[{"href":"https:\/\/nkteam.es\/en\/wp-json\/wp\/v2\/product\/4251","targetHints":{"allow":["GET"]}}],"collection":[{"href":"https:\/\/nkteam.es\/en\/wp-json\/wp\/v2\/product"}],"about":[{"href":"https:\/\/nkteam.es\/en\/wp-json\/wp\/v2\/types\/product"}],"replies":[{"embeddable":true,"href":"https:\/\/nkteam.es\/en\/wp-json\/wp\/v2\/comments?post=4251"}],"version-history":[{"count":2,"href":"https:\/\/nkteam.es\/en\/wp-json\/wp\/v2\/product\/4251\/revisions"}],"predecessor-version":[{"id":4261,"href":"https:\/\/nkteam.es\/en\/wp-json\/wp\/v2\/product\/4251\/revisions\/4261"}],"wp:featuredmedia":[{"embeddable":true,"href":"https:\/\/nkteam.es\/en\/wp-json\/wp\/v2\/media\/3769"}],"wp:attachment":[{"href":"https:\/\/nkteam.es\/en\/wp-json\/wp\/v2\/media?parent=4251"}],"wp:term":[{"taxonomy":"product_brand","embeddable":true,"href":"https:\/\/nkteam.es\/en\/wp-json\/wp\/v2\/product_brand?post=4251"},{"taxonomy":"product_cat","embeddable":true,"href":"https:\/\/nkteam.es\/en\/wp-json\/wp\/v2\/product_cat?post=4251"},{"taxonomy":"product_tag","embeddable":true,"href":"https:\/\/nkteam.es\/en\/wp-json\/wp\/v2\/product_tag?post=4251"}],"curies":[{"name":"wp","href":"https:\/\/api.w.org\/{rel}","templated":true}]}}