{"id":3134,"date":"2024-12-09T15:35:19","date_gmt":"2024-12-09T14:35:19","guid":{"rendered":"https:\/\/nkteam.es\/producto\/tarjeta-regalo-vip-rider"},"modified":"2025-11-27T12:08:41","modified_gmt":"2025-11-27T11:08:41","slug":"tarjeta-regalo-vip-rider","status":"publish","type":"product","link":"https:\/\/nkteam.es\/en\/product\/tarjeta-regalo-vip-rider","title":{"rendered":"Tarjeta Regalo VIP Rider"},"content":{"rendered":"<p>Regala una experiencia completa para rodar con nosotros en uno de nuestros cursos de conducci\u00f3n.<\/p>\n<p>La tarjeta regalo VIP Rider podr\u00e1 ser canjeada por una plaza en uno de nuestros cursos de conducci\u00f3n en el circuito junior de Campillos (M\u00e1laga).*<\/p>\n<p>*En caso de disponer de diferentes circuitos en el momento de realizar el curso, el piloto podr\u00e1 elegir entre las diferentes opciones.<\/p>\n<p>** Peso m\u00e1ximo del piloto 105kg.<\/p>\n<p>*** El precio incluye el servicio completo (moto, monitor, seguro y equipaci\u00f3n)<\/p>\n<p>****Es necesario un m\u00ednimo de 6 pilotos para realizar los eventos.<\/p>","protected":false},"excerpt":{"rendered":"<p>Regala una experiencia completa para rodar con nosotros en uno de nuestros cursos de conducci\u00f3n. La tarjeta regalo VIP Rider podr\u00e1 ser canjeada por una plaza en uno de nuestros [&hellip;]<\/p>","protected":false},"featured_media":0,"comment_status":"open","ping_status":"closed","template":"","meta":{"_uag_custom_page_level_css":"","site-sidebar-layout":"default","site-content-layout":"","ast-site-content-layout":"","site-content-style":"default","site-sidebar-style":"default","ast-global-header-display":"","ast-banner-title-visibility":"","ast-main-header-display":"","ast-hfb-above-header-display":"","ast-hfb-below-header-display":"","ast-hfb-mobile-header-display":"","site-post-title":"","ast-breadcrumbs-content":"","ast-featured-img":"","footer-sml-layout":"","theme-transparent-header-meta":"","adv-header-id-meta":"","stick-header-meta":"","header-above-stick-meta":"","header-main-stick-meta":"","header-below-stick-meta":"","astra-migrate-meta-layouts":"default","ast-page-background-enabled":"default","ast-page-background-meta":{"desktop":{"background-color":"","background-image":"","background-repeat":"repeat","background-position":"center center","background-size":"auto","background-attachment":"scroll","background-type":"","background-media":"","overlay-type":"","overlay-color":"","overlay-gradient":""},"tablet":{"background-color":"","background-image":"","background-repeat":"repeat","background-position":"center center","background-size":"auto","background-attachment":"scroll","background-type":"","background-media":"","overlay-type":"","overlay-color":"","overlay-gradient":""},"mobile":{"background-color":"","background-image":"","background-repeat":"repeat","background-position":"center center","background-size":"auto","background-attachment":"scroll","background-type":"","background-media":"","overlay-type":"","overlay-color":"","overlay-gradient":""}},"ast-content-background-meta":{"desktop":{"background-color":"var(--ast-global-color-5)","background-image":"","background-repeat":"repeat","background-position":"center center","background-size":"auto","background-attachment":"scroll","background-type":"","background-media":"","overlay-type":"","overlay-color":"","overlay-gradient":""},"tablet":{"background-color":"var(--ast-global-color-5)","background-image":"","background-repeat":"repeat","background-position":"center center","background-size":"auto","background-attachment":"scroll","background-type":"","background-media":"","overlay-type":"","overlay-color":"","overlay-gradient":""},"mobile":{"background-color":"var(--ast-global-color-5)","background-image":"","background-repeat":"repeat","background-position":"center center","background-size":"auto","background-attachment":"scroll","background-type":"","background-media":"","overlay-type":"","overlay-color":"","overlay-gradient":""}}},"product_brand":[],"product_cat":[34],"product_tag":[],"class_list":{"0":"post-3134","1":"product","2":"type-product","3":"status-publish","5":"product_cat-sin-categorizar","6":"desktop-align-center","7":"tablet-align-left","8":"mobile-align-left","10":"first","11":"instock","12":"downloadable","13":"virtual","14":"taxable","15":"purchasable","16":"product-type-simple"},"yoast_head":"<!-- This site is optimized with the Yoast SEO plugin v25.2 - https:\/\/yoast.com\/wordpress\/plugins\/seo\/ -->\n<title>Tarjeta Regalo VIP Rider -<\/title>\n<meta name=\"robots\" content=\"index, follow, max-snippet:-1, max-image-preview:large, max-video-preview:-1\" \/>\n<link rel=\"canonical\" href=\"https:\/\/nkteam.es\/en\/product\/tarjeta-regalo-vip-rider\/\" \/>\n<meta property=\"og:locale\" content=\"en_GB\" \/>\n<meta property=\"og:type\" content=\"article\" \/>\n<meta property=\"og:title\" content=\"Tarjeta Regalo VIP Rider -\" \/>\n<meta property=\"og:description\" content=\"Regala una experiencia completa para rodar con nosotros en uno de nuestros cursos de conducci\u00f3n. La tarjeta regalo VIP Rider podr\u00e1 ser canjeada por una plaza en uno de nuestros [&hellip;]\" \/>\n<meta property=\"og:url\" content=\"https:\/\/nkteam.es\/en\/product\/tarjeta-regalo-vip-rider\/\" \/>\n<meta property=\"article:modified_time\" content=\"2025-11-27T11:08:41+00:00\" \/>\n<meta name=\"twitter:card\" content=\"summary_large_image\" \/>\n<script type=\"application\/ld+json\" class=\"yoast-schema-graph\">{\"@context\":\"https:\/\/schema.org\",\"@graph\":[{\"@type\":\"WebPage\",\"@id\":\"https:\/\/nkteam.es\/producto\/tarjeta-regalo-vip-rider\",\"url\":\"https:\/\/nkteam.es\/producto\/tarjeta-regalo-vip-rider\",\"name\":\"Tarjeta Regalo VIP Rider -\",\"isPartOf\":{\"@id\":\"https:\/\/nkteam.es\/#website\"},\"datePublished\":\"2024-12-09T14:35:19+00:00\",\"dateModified\":\"2025-11-27T11:08:41+00:00\",\"breadcrumb\":{\"@id\":\"https:\/\/nkteam.es\/producto\/tarjeta-regalo-vip-rider#breadcrumb\"},\"inLanguage\":\"en-GB\",\"potentialAction\":[{\"@type\":\"ReadAction\",\"target\":[\"https:\/\/nkteam.es\/producto\/tarjeta-regalo-vip-rider\"]}]},{\"@type\":\"BreadcrumbList\",\"@id\":\"https:\/\/nkteam.es\/producto\/tarjeta-regalo-vip-rider#breadcrumb\",\"itemListElement\":[{\"@type\":\"ListItem\",\"position\":1,\"name\":\"Pitbike\",\"item\":\"https:\/\/nkteam.es\/\"},{\"@type\":\"ListItem\",\"position\":2,\"name\":\"Pr\u00f3ximos Eventos\",\"item\":\"https:\/\/nkteam.es\/proximos_eventos\"},{\"@type\":\"ListItem\",\"position\":3,\"name\":\"Tarjeta Regalo VIP Rider\"}]},{\"@type\":\"WebSite\",\"@id\":\"https:\/\/nkteam.es\/#website\",\"url\":\"https:\/\/nkteam.es\/\",\"name\":\"\",\"description\":\"\",\"potentialAction\":[{\"@type\":\"SearchAction\",\"target\":{\"@type\":\"EntryPoint\",\"urlTemplate\":\"https:\/\/nkteam.es\/?s={search_term_string}\"},\"query-input\":{\"@type\":\"PropertyValueSpecification\",\"valueRequired\":true,\"valueName\":\"search_term_string\"}}],\"inLanguage\":\"en-GB\"}]}<\/script>\n<!-- \/ Yoast SEO plugin. -->","yoast_head_json":{"title":"Tarjeta Regalo VIP Rider -","robots":{"index":"index","follow":"follow","max-snippet":"max-snippet:-1","max-image-preview":"max-image-preview:large","max-video-preview":"max-video-preview:-1"},"canonical":"https:\/\/nkteam.es\/en\/product\/tarjeta-regalo-vip-rider\/","og_locale":"en_GB","og_type":"article","og_title":"Tarjeta Regalo VIP Rider -","og_description":"Regala una experiencia completa para rodar con nosotros en uno de nuestros cursos de conducci\u00f3n. La tarjeta regalo VIP Rider podr\u00e1 ser canjeada por una plaza en uno de nuestros [&hellip;]","og_url":"https:\/\/nkteam.es\/en\/product\/tarjeta-regalo-vip-rider\/","article_modified_time":"2025-11-27T11:08:41+00:00","twitter_card":"summary_large_image","schema":{"@context":"https:\/\/schema.org","@graph":[{"@type":"WebPage","@id":"https:\/\/nkteam.es\/producto\/tarjeta-regalo-vip-rider","url":"https:\/\/nkteam.es\/producto\/tarjeta-regalo-vip-rider","name":"Tarjeta Regalo VIP Rider -","isPartOf":{"@id":"https:\/\/nkteam.es\/#website"},"datePublished":"2024-12-09T14:35:19+00:00","dateModified":"2025-11-27T11:08:41+00:00","breadcrumb":{"@id":"https:\/\/nkteam.es\/producto\/tarjeta-regalo-vip-rider#breadcrumb"},"inLanguage":"en-GB","potentialAction":[{"@type":"ReadAction","target":["https:\/\/nkteam.es\/producto\/tarjeta-regalo-vip-rider"]}]},{"@type":"BreadcrumbList","@id":"https:\/\/nkteam.es\/producto\/tarjeta-regalo-vip-rider#breadcrumb","itemListElement":[{"@type":"ListItem","position":1,"name":"Pitbike","item":"https:\/\/nkteam.es\/"},{"@type":"ListItem","position":2,"name":"Pr\u00f3ximos Eventos","item":"https:\/\/nkteam.es\/proximos_eventos"},{"@type":"ListItem","position":3,"name":"Tarjeta Regalo VIP Rider"}]},{"@type":"WebSite","@id":"https:\/\/nkteam.es\/#website","url":"https:\/\/nkteam.es\/","name":"","description":"","potentialAction":[{"@type":"SearchAction","target":{"@type":"EntryPoint","urlTemplate":"https:\/\/nkteam.es\/?s={search_term_string}"},"query-input":{"@type":"PropertyValueSpecification","valueRequired":true,"valueName":"search_term_string"}}],"inLanguage":"en-GB"}]}},"uagb_featured_image_src":{"full":false,"thumbnail":false,"medium":false,"medium_large":false,"large":false,"1536x1536":false,"2048x2048":false,"trp-custom-language-flag":false,"woocommerce_thumbnail":false,"woocommerce_single":false,"woocommerce_gallery_thumbnail":false},"uagb_author_info":{"display_name":"Pichardo","author_link":"https:\/\/nkteam.es\/en\/author"},"uagb_comment_info":0,"uagb_excerpt":"Regala una experiencia completa para rodar con nosotros en uno de nuestros cursos de conducci\u00f3n. La tarjeta regalo VIP Rider podr\u00e1 ser canjeada por una plaza en uno de nuestros [&hellip;]","jetpack_sharing_enabled":true,"_links":{"self":[{"href":"https:\/\/nkteam.es\/en\/wp-json\/wp\/v2\/product\/3134","targetHints":{"allow":["GET"]}}],"collection":[{"href":"https:\/\/nkteam.es\/en\/wp-json\/wp\/v2\/product"}],"about":[{"href":"https:\/\/nkteam.es\/en\/wp-json\/wp\/v2\/types\/product"}],"replies":[{"embeddable":true,"href":"https:\/\/nkteam.es\/en\/wp-json\/wp\/v2\/comments?post=3134"}],"version-history":[{"count":4,"href":"https:\/\/nkteam.es\/en\/wp-json\/wp\/v2\/product\/3134\/revisions"}],"predecessor-version":[{"id":3883,"href":"https:\/\/nkteam.es\/en\/wp-json\/wp\/v2\/product\/3134\/revisions\/3883"}],"wp:attachment":[{"href":"https:\/\/nkteam.es\/en\/wp-json\/wp\/v2\/media?parent=3134"}],"wp:term":[{"taxonomy":"product_brand","embeddable":true,"href":"https:\/\/nkteam.es\/en\/wp-json\/wp\/v2\/product_brand?post=3134"},{"taxonomy":"product_cat","embeddable":true,"href":"https:\/\/nkteam.es\/en\/wp-json\/wp\/v2\/product_cat?post=3134"},{"taxonomy":"product_tag","embeddable":true,"href":"https:\/\/nkteam.es\/en\/wp-json\/wp\/v2\/product_tag?post=3134"}],"curies":[{"name":"wp","href":"https:\/\/api.w.org\/{rel}","templated":true}]}}