{"id":575,"date":"2021-02-23T10:04:36","date_gmt":"2021-02-23T09:04:36","guid":{"rendered":"https:\/\/nkteam.es\/about-us"},"modified":"2025-11-27T12:57:02","modified_gmt":"2025-11-27T11:57:02","slug":"quienes-somos","status":"publish","type":"page","link":"https:\/\/nkteam.es\/en\/quienes-somos","title":{"rendered":"\u00bfQui\u00e9nes Somos?"},"content":{"rendered":"<div data-elementor-type=\"wp-page\" data-elementor-id=\"575\" class=\"elementor elementor-575\">\n\t\t\t\t\t\t<section class=\"elementor-section elementor-top-section elementor-element elementor-element-252cc20 elementor-section-height-min-height elementor-section-full_width elementor-section-height-default elementor-section-items-middle\" data-id=\"252cc20\" data-element_type=\"section\" data-settings=\"{&quot;background_background&quot;:&quot;classic&quot;}\">\n\t\t\t\t\t\t\t<div class=\"elementor-background-overlay\"><\/div>\n\t\t\t\t\t\t\t<div class=\"elementor-container elementor-column-gap-no\">\n\t\t\t\t\t<div class=\"elementor-column elementor-col-100 elementor-top-column elementor-element elementor-element-6250949\" data-id=\"6250949\" data-element_type=\"column\">\n\t\t\t<div class=\"elementor-widget-wrap elementor-element-populated\">\n\t\t\t\t\t\t<section class=\"elementor-section elementor-inner-section elementor-element elementor-element-2005eec elementor-section-full_width elementor-section-height-default elementor-section-height-default\" data-id=\"2005eec\" data-element_type=\"section\">\n\t\t\t\t\t\t<div class=\"elementor-container elementor-column-gap-no\">\n\t\t\t\t\t<div class=\"elementor-column elementor-col-100 elementor-inner-column elementor-element elementor-element-824eeb8\" data-id=\"824eeb8\" data-element_type=\"column\">\n\t\t\t<div class=\"elementor-widget-wrap elementor-element-populated\">\n\t\t\t\t\t\t<div class=\"elementor-element elementor-element-c7e430c elementor-widget elementor-widget-heading\" data-id=\"c7e430c\" data-element_type=\"widget\" data-widget_type=\"heading.default\">\n\t\t\t\t<div class=\"elementor-widget-container\">\n\t\t\t\t\t<h1 class=\"elementor-heading-title elementor-size-default\">Con\u00f3cenos<\/h1>\t\t\t\t<\/div>\n\t\t\t\t<\/div>\n\t\t\t\t\t<\/div>\n\t\t<\/div>\n\t\t\t\t\t<\/div>\n\t\t<\/section>\n\t\t\t\t<section class=\"elementor-section elementor-inner-section elementor-element elementor-element-5a93003 elementor-section-full_width elementor-section-height-default elementor-section-height-default\" data-id=\"5a93003\" data-element_type=\"section\">\n\t\t\t\t\t\t<div class=\"elementor-container elementor-column-gap-no\">\n\t\t\t\t\t<div class=\"elementor-column elementor-col-50 elementor-inner-column elementor-element elementor-element-3ccf954\" data-id=\"3ccf954\" data-element_type=\"column\">\n\t\t\t<div class=\"elementor-widget-wrap elementor-element-populated\">\n\t\t\t\t\t\t\t<\/div>\n\t\t<\/div>\n\t\t\t\t<div class=\"elementor-column elementor-col-50 elementor-inner-column elementor-element elementor-element-68ba10f\" data-id=\"68ba10f\" data-element_type=\"column\">\n\t\t\t<div class=\"elementor-widget-wrap elementor-element-populated\">\n\t\t\t\t\t\t\t<\/div>\n\t\t<\/div>\n\t\t\t\t\t<\/div>\n\t\t<\/section>\n\t\t\t\t\t<\/div>\n\t\t<\/div>\n\t\t\t\t\t<\/div>\n\t\t<\/section>\n\t\t\t\t<section class=\"elementor-section elementor-top-section elementor-element elementor-element-241cd00 elementor-section-full_width elementor-section-height-default elementor-section-height-default\" data-id=\"241cd00\" data-element_type=\"section\" data-settings=\"{&quot;background_background&quot;:&quot;classic&quot;}\">\n\t\t\t\t\t\t<div class=\"elementor-container elementor-column-gap-no\">\n\t\t\t\t\t<div class=\"elementor-column elementor-col-100 elementor-top-column elementor-element elementor-element-4c3d795\" data-id=\"4c3d795\" data-element_type=\"column\">\n\t\t\t<div class=\"elementor-widget-wrap elementor-element-populated\">\n\t\t\t\t\t\t<section class=\"elementor-section elementor-inner-section elementor-element elementor-element-2d0bf28 elementor-section-full_width elementor-section-height-default elementor-section-height-default\" data-id=\"2d0bf28\" data-element_type=\"section\">\n\t\t\t\t\t\t<div class=\"elementor-container elementor-column-gap-no\">\n\t\t\t\t\t<div class=\"elementor-column elementor-col-50 elementor-inner-column elementor-element elementor-element-e5a42d0\" data-id=\"e5a42d0\" data-element_type=\"column\">\n\t\t\t<div class=\"elementor-widget-wrap elementor-element-populated\">\n\t\t\t\t\t\t<div class=\"elementor-element elementor-element-169224d elementor-widget elementor-widget-heading\" data-id=\"169224d\" data-element_type=\"widget\" data-widget_type=\"heading.default\">\n\t\t\t\t<div class=\"elementor-widget-container\">\n\t\t\t\t\t<h2 class=\"elementor-heading-title elementor-size-default\">Qu\u00e9 necesitas saber de nosotros:<\/h2>\t\t\t\t<\/div>\n\t\t\t\t<\/div>\n\t\t\t\t<section class=\"elementor-section elementor-inner-section elementor-element elementor-element-0db625a elementor-section-full_width elementor-section-height-default elementor-section-height-default\" data-id=\"0db625a\" data-element_type=\"section\">\n\t\t\t\t\t\t<div class=\"elementor-container elementor-column-gap-default\">\n\t\t\t\t\t<div class=\"elementor-column elementor-col-100 elementor-inner-column elementor-element elementor-element-94b08c7\" data-id=\"94b08c7\" data-element_type=\"column\">\n\t\t\t<div class=\"elementor-widget-wrap elementor-element-populated\">\n\t\t\t\t\t\t<div class=\"elementor-element elementor-element-c8d48ea elementor-widget elementor-widget-text-editor\" data-id=\"c8d48ea\" data-element_type=\"widget\" data-widget_type=\"text-editor.default\">\n\t\t\t\t<div class=\"elementor-widget-container\">\n\t\t\t\t\t\t\t\t\t<h5 style=\"text-align: center;\"><span style=\"color: #ff99cc;\"><strong>Nuestra Misi\u00f3n:<\/strong><\/span><\/h5><p style=\"text-align: center;\">En NK Racing Team, nos esforzamos por brindarte una experiencia de alquiler de pit bikes sin complicaciones. Nuestro principal objetivo es que disfrutes al m\u00e1ximo, y para lograrlo, nos encargamos de todos los detalles para que no tengas que preocuparte por nada.<\/p><h5 style=\"text-align: center;\"><span style=\"color: #ff99cc;\"><strong>Todo Incluido para tu Tranquilidad:<\/strong><\/span><\/h5><p style=\"text-align: center;\">Cuando eliges NK Racing Team, no solo obtienes acceso a nuestras potentes pit bikes, sino que tambi\u00e9n te ofrecemos un servicio &#8220;todo incluido&#8221;. Desde el seguro hasta el mono, casco, botas y m\u00e1s, nos ocupamos de cada detalle para que t\u00fa solo te concentres en disfrutar de la adrenalina en la pista.<\/p><h5 style=\"text-align: center;\"><span style=\"color: #ff99cc;\"><strong>Nosotros nos Ocupamos, T\u00fa Disfrutas:<\/strong><\/span><\/h5><p style=\"text-align: center;\">Entendemos que tu tiempo en la pista es valioso, por eso asumimos la responsabilidad de todos los aspectos log\u00edsticos y de seguridad. Desde el momento en que eliges nuestras pit bikes, nos encargamos del resto para que tu experiencia sea completamente libre de preocupaciones.<\/p><h5 style=\"text-align: center;\"><span style=\"color: #ff99cc;\"><strong>Conf\u00eda en NK Racing Team para tu Aventura en la Pista:<\/strong><\/span><\/h5><p style=\"text-align: center;\">En NK Racing Team, creemos que la verdadera diversi\u00f3n comienza cuando todo est\u00e1 organizado para ti. Nos ocupamos de todo para que t\u00fa simplemente te subas a la moto y disfrutes al m\u00e1ximo. Conf\u00eda en NK Racing Team para convertir tu experiencia en la pista en un momento inolvidable.<\/p>\t\t\t\t\t\t\t\t<\/div>\n\t\t\t\t<\/div>\n\t\t\t\t<div class=\"elementor-element elementor-element-ca4948e elementor-widget elementor-widget-shortcode\" data-id=\"ca4948e\" data-element_type=\"widget\" data-widget_type=\"shortcode.default\">\n\t\t\t\t<div class=\"elementor-widget-container\">\n\t\t\t\t\t\t\t<div class=\"elementor-shortcode\">[insta-gallery id=\"0\"]<\/div>\n\t\t\t\t\t\t<\/div>\n\t\t\t\t<\/div>\n\t\t\t\t\t<\/div>\n\t\t<\/div>\n\t\t\t\t\t<\/div>\n\t\t<\/section>\n\t\t\t\t\t<\/div>\n\t\t<\/div>\n\t\t\t\t<div class=\"elementor-column elementor-col-50 elementor-inner-column elementor-element elementor-element-2eab71c\" data-id=\"2eab71c\" data-element_type=\"column\">\n\t\t\t<div class=\"elementor-widget-wrap elementor-element-populated\">\n\t\t\t\t\t\t<div class=\"elementor-element elementor-element-8013aa6 elementor-widget__width-initial elementor-widget elementor-widget-image\" data-id=\"8013aa6\" data-element_type=\"widget\" data-widget_type=\"image.default\">\n\t\t\t\t<div class=\"elementor-widget-container\">\n\t\t\t\t\t\t\t\t\t\t\t\t\t\t\t<img fetchpriority=\"high\" decoding=\"async\" data-attachment-id=\"919\" data-permalink=\"https:\/\/nkteam.es\/en\/quienes-somos\/nk-logo-white\" data-orig-file=\"https:\/\/i0.wp.com\/nkteam.es\/wp-content\/uploads\/2023\/11\/NK-LOGO-white.png?fit=1251%2C405&amp;ssl=1\" data-orig-size=\"1251,405\" data-comments-opened=\"1\" data-image-meta=\"{&quot;aperture&quot;:&quot;0&quot;,&quot;credit&quot;:&quot;&quot;,&quot;camera&quot;:&quot;&quot;,&quot;caption&quot;:&quot;&quot;,&quot;created_timestamp&quot;:&quot;0&quot;,&quot;copyright&quot;:&quot;&quot;,&quot;focal_length&quot;:&quot;0&quot;,&quot;iso&quot;:&quot;0&quot;,&quot;shutter_speed&quot;:&quot;0&quot;,&quot;title&quot;:&quot;&quot;,&quot;orientation&quot;:&quot;0&quot;}\" data-image-title=\"NK LOGO white\" data-image-description=\"\" data-image-caption=\"\" data-large-file=\"https:\/\/i0.wp.com\/nkteam.es\/wp-content\/uploads\/2023\/11\/NK-LOGO-white.png?fit=1024%2C332&amp;ssl=1\" width=\"768\" height=\"249\" src=\"https:\/\/i0.wp.com\/nkteam.es\/wp-content\/uploads\/2023\/11\/NK-LOGO-white.png?fit=768%2C249&amp;ssl=1\" class=\"attachment-medium_large size-medium_large wp-image-919\" alt=\"\" srcset=\"https:\/\/i0.wp.com\/nkteam.es\/wp-content\/uploads\/2023\/11\/NK-LOGO-white.png?w=1251&amp;ssl=1 1251w, https:\/\/i0.wp.com\/nkteam.es\/wp-content\/uploads\/2023\/11\/NK-LOGO-white.png?resize=300%2C97&amp;ssl=1 300w, https:\/\/i0.wp.com\/nkteam.es\/wp-content\/uploads\/2023\/11\/NK-LOGO-white.png?resize=1024%2C332&amp;ssl=1 1024w, https:\/\/i0.wp.com\/nkteam.es\/wp-content\/uploads\/2023\/11\/NK-LOGO-white.png?resize=768%2C249&amp;ssl=1 768w, https:\/\/i0.wp.com\/nkteam.es\/wp-content\/uploads\/2023\/11\/NK-LOGO-white.png?resize=18%2C6&amp;ssl=1 18w\" sizes=\"(max-width: 768px) 100vw, 768px\" \/>\t\t\t\t\t\t\t\t\t\t\t\t\t\t\t<\/div>\n\t\t\t\t<\/div>\n\t\t\t\t\t<\/div>\n\t\t<\/div>\n\t\t\t\t\t<\/div>\n\t\t<\/section>\n\t\t\t\t<section class=\"elementor-section elementor-inner-section elementor-element elementor-element-1d83e96 elementor-section-boxed elementor-section-height-default elementor-section-height-default\" data-id=\"1d83e96\" data-element_type=\"section\">\n\t\t\t\t\t\t<div class=\"elementor-container elementor-column-gap-default\">\n\t\t\t\t\t<div class=\"elementor-column elementor-col-50 elementor-inner-column elementor-element elementor-element-f6f4ac0\" data-id=\"f6f4ac0\" data-element_type=\"column\">\n\t\t\t<div class=\"elementor-widget-wrap\">\n\t\t\t\t\t\t\t<\/div>\n\t\t<\/div>\n\t\t\t\t<div class=\"elementor-column elementor-col-50 elementor-inner-column elementor-element elementor-element-a47b297\" data-id=\"a47b297\" data-element_type=\"column\">\n\t\t\t<div class=\"elementor-widget-wrap\">\n\t\t\t\t\t\t\t<\/div>\n\t\t<\/div>\n\t\t\t\t\t<\/div>\n\t\t<\/section>\n\t\t\t\t<section class=\"elementor-section elementor-inner-section elementor-element elementor-element-875f902 elementor-section-boxed elementor-section-height-default elementor-section-height-default\" data-id=\"875f902\" data-element_type=\"section\">\n\t\t\t\t\t\t<div class=\"elementor-container elementor-column-gap-default\">\n\t\t\t\t\t<div class=\"elementor-column elementor-col-50 elementor-inner-column elementor-element elementor-element-e6cac52\" data-id=\"e6cac52\" data-element_type=\"column\">\n\t\t\t<div class=\"elementor-widget-wrap\">\n\t\t\t\t\t\t\t<\/div>\n\t\t<\/div>\n\t\t\t\t<div class=\"elementor-column elementor-col-50 elementor-inner-column elementor-element elementor-element-f585d22\" data-id=\"f585d22\" data-element_type=\"column\">\n\t\t\t<div class=\"elementor-widget-wrap\">\n\t\t\t\t\t\t\t<\/div>\n\t\t<\/div>\n\t\t\t\t\t<\/div>\n\t\t<\/section>\n\t\t\t\t\t<\/div>\n\t\t<\/div>\n\t\t\t\t\t<\/div>\n\t\t<\/section>\n\t\t\t\t<\/div>","protected":false},"excerpt":{"rendered":"<p>Con\u00f3cenos Qu\u00e9 necesitas saber de nosotros: Nuestra Misi\u00f3n: En NK Racing Team, nos esforzamos por brindarte una experiencia de alquiler de pit bikes sin complicaciones. Nuestro principal objetivo es que [&hellip;]<\/p>","protected":false},"author":1,"featured_media":2544,"parent":0,"menu_order":0,"comment_status":"closed","ping_status":"closed","template":"","meta":{"_uag_custom_page_level_css":"","site-sidebar-layout":"no-sidebar","site-content-layout":"page-builder","ast-site-content-layout":"","site-content-style":"default","site-sidebar-style":"default","ast-global-header-display":"","ast-banner-title-visibility":"","ast-main-header-display":"","ast-hfb-above-header-display":"","ast-hfb-below-header-display":"","ast-hfb-mobile-header-display":"","site-post-title":"disabled","ast-breadcrumbs-content":"disabled","ast-featured-img":"disabled","footer-sml-layout":"","theme-transparent-header-meta":"enabled","adv-header-id-meta":"","stick-header-meta":"","header-above-stick-meta":"","header-main-stick-meta":"","header-below-stick-meta":"","astra-migrate-meta-layouts":"default","ast-page-background-enabled":"default","ast-page-background-meta":{"desktop":{"background-color":"","background-image":"","background-repeat":"repeat","background-position":"center center","background-size":"auto","background-attachment":"scroll","background-type":"","background-media":"","overlay-type":"","overlay-color":"","overlay-gradient":""},"tablet":{"background-color":"","background-image":"","background-repeat":"repeat","background-position":"center center","background-size":"auto","background-attachment":"scroll","background-type":"","background-media":"","overlay-type":"","overlay-color":"","overlay-gradient":""},"mobile":{"background-color":"","background-image":"","background-repeat":"repeat","background-position":"center center","background-size":"auto","background-attachment":"scroll","background-type":"","background-media":"","overlay-type":"","overlay-color":"","overlay-gradient":""}},"ast-content-background-meta":{"desktop":{"background-color":"var(--ast-global-color-5)","background-image":"","background-repeat":"repeat","background-position":"center center","background-size":"auto","background-attachment":"scroll","background-type":"","background-media":"","overlay-type":"","overlay-color":"","overlay-gradient":""},"tablet":{"background-color":"var(--ast-global-color-5)","background-image":"","background-repeat":"repeat","background-position":"center center","background-size":"auto","background-attachment":"scroll","background-type":"","background-media":"","overlay-type":"","overlay-color":"","overlay-gradient":""},"mobile":{"background-color":"var(--ast-global-color-5)","background-image":"","background-repeat":"repeat","background-position":"center center","background-size":"auto","background-attachment":"scroll","background-type":"","background-media":"","overlay-type":"","overlay-color":"","overlay-gradient":""}},"footnotes":""},"class_list":["post-575","page","type-page","status-publish","has-post-thumbnail","hentry"],"yoast_head":"<!-- This site is optimized with the Yoast SEO plugin v25.2 - https:\/\/yoast.com\/wordpress\/plugins\/seo\/ -->\n<title>\u00bfQui\u00e9nes Somos? -<\/title>\n<meta name=\"robots\" content=\"index, follow, max-snippet:-1, max-image-preview:large, max-video-preview:-1\" \/>\n<link rel=\"canonical\" href=\"https:\/\/nkteam.es\/en\/quienes-somos\/\" \/>\n<meta property=\"og:locale\" content=\"en_GB\" \/>\n<meta property=\"og:type\" content=\"article\" \/>\n<meta property=\"og:title\" content=\"\u00bfQui\u00e9nes Somos? -\" \/>\n<meta property=\"og:description\" content=\"Con\u00f3cenos Qu\u00e9 necesitas saber de nosotros: Nuestra Misi\u00f3n: En NK Racing Team, nos esforzamos por brindarte una experiencia de alquiler de pit bikes sin complicaciones. Nuestro principal objetivo es que [&hellip;]\" \/>\n<meta property=\"og:url\" content=\"https:\/\/nkteam.es\/en\/quienes-somos\/\" \/>\n<meta property=\"article:modified_time\" content=\"2025-11-27T11:57:02+00:00\" \/>\n<meta property=\"og:image\" content=\"https:\/\/nkteam.es\/wp-content\/uploads\/2024\/08\/1000026953.jpg\" \/>\n\t<meta property=\"og:image:width\" content=\"1081\" \/>\n\t<meta property=\"og:image:height\" content=\"1081\" \/>\n\t<meta property=\"og:image:type\" content=\"image\/jpeg\" \/>\n<meta name=\"twitter:card\" content=\"summary_large_image\" \/>\n<meta name=\"twitter:label1\" content=\"Estimated reading time\" \/>\n\t<meta name=\"twitter:data1\" content=\"2 minutes\" \/>\n<script type=\"application\/ld+json\" class=\"yoast-schema-graph\">{\"@context\":\"https:\/\/schema.org\",\"@graph\":[{\"@type\":\"WebPage\",\"@id\":\"https:\/\/nkteam.es\/quienes-somos\",\"url\":\"https:\/\/nkteam.es\/quienes-somos\",\"name\":\"\u00bfQui\u00e9nes Somos? -\",\"isPartOf\":{\"@id\":\"https:\/\/nkteam.es\/#website\"},\"primaryImageOfPage\":{\"@id\":\"https:\/\/nkteam.es\/quienes-somos#primaryimage\"},\"image\":{\"@id\":\"https:\/\/nkteam.es\/quienes-somos#primaryimage\"},\"thumbnailUrl\":\"https:\/\/i0.wp.com\/nkteam.es\/wp-content\/uploads\/2024\/08\/1000026953.jpg?fit=1081%2C1081&ssl=1\",\"datePublished\":\"2021-02-23T09:04:36+00:00\",\"dateModified\":\"2025-11-27T11:57:02+00:00\",\"breadcrumb\":{\"@id\":\"https:\/\/nkteam.es\/quienes-somos#breadcrumb\"},\"inLanguage\":\"en-GB\",\"potentialAction\":[{\"@type\":\"ReadAction\",\"target\":[\"https:\/\/nkteam.es\/quienes-somos\"]}]},{\"@type\":\"ImageObject\",\"inLanguage\":\"en-GB\",\"@id\":\"https:\/\/nkteam.es\/quienes-somos#primaryimage\",\"url\":\"https:\/\/i0.wp.com\/nkteam.es\/wp-content\/uploads\/2024\/08\/1000026953.jpg?fit=1081%2C1081&ssl=1\",\"contentUrl\":\"https:\/\/i0.wp.com\/nkteam.es\/wp-content\/uploads\/2024\/08\/1000026953.jpg?fit=1081%2C1081&ssl=1\",\"width\":1081,\"height\":1081},{\"@type\":\"BreadcrumbList\",\"@id\":\"https:\/\/nkteam.es\/quienes-somos#breadcrumb\",\"itemListElement\":[{\"@type\":\"ListItem\",\"position\":1,\"name\":\"Pitbike\",\"item\":\"https:\/\/nkteam.es\/\"},{\"@type\":\"ListItem\",\"position\":2,\"name\":\"\u00bfQui\u00e9nes Somos?\"}]},{\"@type\":\"WebSite\",\"@id\":\"https:\/\/nkteam.es\/#website\",\"url\":\"https:\/\/nkteam.es\/\",\"name\":\"\",\"description\":\"\",\"potentialAction\":[{\"@type\":\"SearchAction\",\"target\":{\"@type\":\"EntryPoint\",\"urlTemplate\":\"https:\/\/nkteam.es\/?s={search_term_string}\"},\"query-input\":{\"@type\":\"PropertyValueSpecification\",\"valueRequired\":true,\"valueName\":\"search_term_string\"}}],\"inLanguage\":\"en-GB\"}]}<\/script>\n<!-- \/ Yoast SEO plugin. -->","yoast_head_json":{"title":"\u00bfQui\u00e9nes Somos? -","robots":{"index":"index","follow":"follow","max-snippet":"max-snippet:-1","max-image-preview":"max-image-preview:large","max-video-preview":"max-video-preview:-1"},"canonical":"https:\/\/nkteam.es\/en\/quienes-somos\/","og_locale":"en_GB","og_type":"article","og_title":"\u00bfQui\u00e9nes Somos? -","og_description":"Con\u00f3cenos Qu\u00e9 necesitas saber de nosotros: Nuestra Misi\u00f3n: En NK Racing Team, nos esforzamos por brindarte una experiencia de alquiler de pit bikes sin complicaciones. Nuestro principal objetivo es que [&hellip;]","og_url":"https:\/\/nkteam.es\/en\/quienes-somos\/","article_modified_time":"2025-11-27T11:57:02+00:00","og_image":[{"width":1081,"height":1081,"url":"https:\/\/nkteam.es\/wp-content\/uploads\/2024\/08\/1000026953.jpg","type":"image\/jpeg"}],"twitter_card":"summary_large_image","twitter_misc":{"Estimated reading time":"2 minutes"},"schema":{"@context":"https:\/\/schema.org","@graph":[{"@type":"WebPage","@id":"https:\/\/nkteam.es\/quienes-somos","url":"https:\/\/nkteam.es\/quienes-somos","name":"\u00bfQui\u00e9nes Somos? -","isPartOf":{"@id":"https:\/\/nkteam.es\/#website"},"primaryImageOfPage":{"@id":"https:\/\/nkteam.es\/quienes-somos#primaryimage"},"image":{"@id":"https:\/\/nkteam.es\/quienes-somos#primaryimage"},"thumbnailUrl":"https:\/\/i0.wp.com\/nkteam.es\/wp-content\/uploads\/2024\/08\/1000026953.jpg?fit=1081%2C1081&ssl=1","datePublished":"2021-02-23T09:04:36+00:00","dateModified":"2025-11-27T11:57:02+00:00","breadcrumb":{"@id":"https:\/\/nkteam.es\/quienes-somos#breadcrumb"},"inLanguage":"en-GB","potentialAction":[{"@type":"ReadAction","target":["https:\/\/nkteam.es\/quienes-somos"]}]},{"@type":"ImageObject","inLanguage":"en-GB","@id":"https:\/\/nkteam.es\/quienes-somos#primaryimage","url":"https:\/\/i0.wp.com\/nkteam.es\/wp-content\/uploads\/2024\/08\/1000026953.jpg?fit=1081%2C1081&ssl=1","contentUrl":"https:\/\/i0.wp.com\/nkteam.es\/wp-content\/uploads\/2024\/08\/1000026953.jpg?fit=1081%2C1081&ssl=1","width":1081,"height":1081},{"@type":"BreadcrumbList","@id":"https:\/\/nkteam.es\/quienes-somos#breadcrumb","itemListElement":[{"@type":"ListItem","position":1,"name":"Pitbike","item":"https:\/\/nkteam.es\/"},{"@type":"ListItem","position":2,"name":"\u00bfQui\u00e9nes Somos?"}]},{"@type":"WebSite","@id":"https:\/\/nkteam.es\/#website","url":"https:\/\/nkteam.es\/","name":"","description":"","potentialAction":[{"@type":"SearchAction","target":{"@type":"EntryPoint","urlTemplate":"https:\/\/nkteam.es\/?s={search_term_string}"},"query-input":{"@type":"PropertyValueSpecification","valueRequired":true,"valueName":"search_term_string"}}],"inLanguage":"en-GB"}]}},"uagb_featured_image_src":{"full":["https:\/\/i0.wp.com\/nkteam.es\/wp-content\/uploads\/2024\/08\/1000026953.jpg?fit=1081%2C1081&ssl=1",1081,1081,false],"thumbnail":["https:\/\/i0.wp.com\/nkteam.es\/wp-content\/uploads\/2024\/08\/1000026953.jpg?resize=150%2C150&ssl=1",150,150,true],"medium":["https:\/\/i0.wp.com\/nkteam.es\/wp-content\/uploads\/2024\/08\/1000026953.jpg?fit=300%2C300&ssl=1",300,300,true],"medium_large":["https:\/\/i0.wp.com\/nkteam.es\/wp-content\/uploads\/2024\/08\/1000026953.jpg?fit=768%2C768&ssl=1",768,768,true],"large":["https:\/\/i0.wp.com\/nkteam.es\/wp-content\/uploads\/2024\/08\/1000026953.jpg?fit=1024%2C1024&ssl=1",1024,1024,true],"1536x1536":["https:\/\/i0.wp.com\/nkteam.es\/wp-content\/uploads\/2024\/08\/1000026953.jpg?fit=1081%2C1081&ssl=1",1081,1081,true],"2048x2048":["https:\/\/i0.wp.com\/nkteam.es\/wp-content\/uploads\/2024\/08\/1000026953.jpg?fit=1081%2C1081&ssl=1",1081,1081,true],"trp-custom-language-flag":["https:\/\/i0.wp.com\/nkteam.es\/wp-content\/uploads\/2024\/08\/1000026953.jpg?fit=12%2C12&ssl=1",12,12,true],"woocommerce_thumbnail":["https:\/\/i0.wp.com\/nkteam.es\/wp-content\/uploads\/2024\/08\/1000026953.jpg?resize=300%2C300&ssl=1",300,300,true],"woocommerce_single":["https:\/\/i0.wp.com\/nkteam.es\/wp-content\/uploads\/2024\/08\/1000026953.jpg?fit=600%2C600&ssl=1",600,600,true],"woocommerce_gallery_thumbnail":["https:\/\/i0.wp.com\/nkteam.es\/wp-content\/uploads\/2024\/08\/1000026953.jpg?resize=100%2C100&ssl=1",100,100,true]},"uagb_author_info":{"display_name":"Pichardo","author_link":"https:\/\/nkteam.es\/en\/author\/pichardo"},"uagb_comment_info":0,"uagb_excerpt":"Con\u00f3cenos Qu\u00e9 necesitas saber de nosotros: Nuestra Misi\u00f3n: En NK Racing Team, nos esforzamos por brindarte una experiencia de alquiler de pit bikes sin complicaciones. Nuestro principal objetivo es que [&hellip;]","jetpack_sharing_enabled":true,"_links":{"self":[{"href":"https:\/\/nkteam.es\/en\/wp-json\/wp\/v2\/pages\/575","targetHints":{"allow":["GET"]}}],"collection":[{"href":"https:\/\/nkteam.es\/en\/wp-json\/wp\/v2\/pages"}],"about":[{"href":"https:\/\/nkteam.es\/en\/wp-json\/wp\/v2\/types\/page"}],"author":[{"embeddable":true,"href":"https:\/\/nkteam.es\/en\/wp-json\/wp\/v2\/users\/1"}],"replies":[{"embeddable":true,"href":"https:\/\/nkteam.es\/en\/wp-json\/wp\/v2\/comments?post=575"}],"version-history":[{"count":41,"href":"https:\/\/nkteam.es\/en\/wp-json\/wp\/v2\/pages\/575\/revisions"}],"predecessor-version":[{"id":3902,"href":"https:\/\/nkteam.es\/en\/wp-json\/wp\/v2\/pages\/575\/revisions\/3902"}],"wp:featuredmedia":[{"embeddable":true,"href":"https:\/\/nkteam.es\/en\/wp-json\/wp\/v2\/media\/2544"}],"wp:attachment":[{"href":"https:\/\/nkteam.es\/en\/wp-json\/wp\/v2\/media?parent=575"}],"curies":[{"name":"wp","href":"https:\/\/api.w.org\/{rel}","templated":true}]}}