{"id":2131,"date":"2024-03-27T18:14:30","date_gmt":"2024-03-27T17:14:30","guid":{"rendered":"https:\/\/nkteam.es\/?page_id=2131"},"modified":"2025-11-28T12:28:52","modified_gmt":"2025-11-28T11:28:52","slug":"normas","status":"publish","type":"page","link":"https:\/\/nkteam.es\/en\/normas","title":{"rendered":"Normas"},"content":{"rendered":"<div data-elementor-type=\"wp-page\" data-elementor-id=\"2131\" class=\"elementor elementor-2131\">\n\t\t\t\t\t\t<section class=\"elementor-section elementor-top-section elementor-element elementor-element-68aebf6 elementor-section-boxed elementor-section-height-default elementor-section-height-default\" data-id=\"68aebf6\" data-element_type=\"section\">\n\t\t\t\t\t\t<div class=\"elementor-container elementor-column-gap-default\">\n\t\t\t\t\t<div class=\"elementor-column elementor-col-100 elementor-top-column elementor-element elementor-element-b6fc7d9\" data-id=\"b6fc7d9\" data-element_type=\"column\">\n\t\t\t<div class=\"elementor-widget-wrap elementor-element-populated\">\n\t\t\t\t\t\t<div class=\"elementor-element elementor-element-eaa3657 elementor-tabs-view-horizontal elementor-widget elementor-widget-tabs\" data-id=\"eaa3657\" data-element_type=\"widget\" data-widget_type=\"tabs.default\">\n\t\t\t\t<div class=\"elementor-widget-container\">\n\t\t\t\t\t\t\t<div class=\"elementor-tabs\">\n\t\t\t<div class=\"elementor-tabs-wrapper\" role=\"tablist\" >\n\t\t\t\t\t\t\t\t\t<div id=\"elementor-tab-title-2461\" class=\"elementor-tab-title elementor-tab-desktop-title\" aria-selected=\"true\" data-tab=\"1\" role=\"tab\" tabindex=\"0\" aria-controls=\"elementor-tab-content-2461\" aria-expanded=\"false\">INSCRIPCIONES<\/div>\n\t\t\t\t\t\t\t\t\t<div id=\"elementor-tab-title-2462\" class=\"elementor-tab-title elementor-tab-desktop-title\" aria-selected=\"false\" data-tab=\"2\" role=\"tab\" tabindex=\"-1\" aria-controls=\"elementor-tab-content-2462\" aria-expanded=\"false\">PILOTOS<\/div>\n\t\t\t\t\t\t\t\t\t<div id=\"elementor-tab-title-2463\" class=\"elementor-tab-title elementor-tab-desktop-title\" aria-selected=\"false\" data-tab=\"3\" role=\"tab\" tabindex=\"-1\" aria-controls=\"elementor-tab-content-2463\" aria-expanded=\"false\">MOTOS<\/div>\n\t\t\t\t\t\t\t\t\t<div id=\"elementor-tab-title-2464\" class=\"elementor-tab-title elementor-tab-desktop-title\" aria-selected=\"false\" data-tab=\"4\" role=\"tab\" tabindex=\"-1\" aria-controls=\"elementor-tab-content-2464\" aria-expanded=\"false\">PISTA<\/div>\n\t\t\t\t\t\t\t\t\t<div id=\"elementor-tab-title-2465\" class=\"elementor-tab-title elementor-tab-desktop-title\" aria-selected=\"false\" data-tab=\"5\" role=\"tab\" tabindex=\"-1\" aria-controls=\"elementor-tab-content-2465\" aria-expanded=\"false\">LLUVIA<\/div>\n\t\t\t\t\t\t\t<\/div>\n\t\t\t<div class=\"elementor-tabs-content-wrapper\" role=\"tablist\" aria-orientation=\"vertical\">\n\t\t\t\t\t\t\t\t\t<div class=\"elementor-tab-title elementor-tab-mobile-title\" aria-selected=\"true\" data-tab=\"1\" role=\"tab\" tabindex=\"0\" aria-controls=\"elementor-tab-content-2461\" aria-expanded=\"false\">INSCRIPCIONES<\/div>\n\t\t\t\t\t<div id=\"elementor-tab-content-2461\" class=\"elementor-tab-content elementor-clearfix\" data-tab=\"1\" role=\"tabpanel\" aria-labelledby=\"elementor-tab-title-2461\" tabindex=\"0\" hidden=\"false\"><ol><li><strong>Para recoger la inscripci\u00f3n es necesario presentar el DNI<\/strong>. En caso de tener Forfait anual deber\u00e1 presentar certificado de la aseguradora. Es necesario que el certificado est\u00e9 en vigor y que el seguro contratado no tenga limitaci\u00f3n de asistencia m\u00e9dica. Si tiene licencia federativa deber\u00e1 presentar el carnet de la licencia federativa. Si no tuviese todav\u00eda el carnet federativo por estar tranmit\u00e1ndose la licencia, en su defecto deber\u00e1 presentar un certificado emitido por la federaci\u00f3n. Es importante que notifique a la federaci\u00f3n que va asistir al evento para que tenga cobertura su aseguradora.<\/li><li><strong>No enviamos email con la informaci\u00f3n de la rodada.<\/strong> Una semana antes, se crear\u00e1 un grupo de Whatsapp con todos los participantes para informarles de horarios y novedades.<\/li><\/ol><\/div>\n\t\t\t\t\t\t\t\t\t<div class=\"elementor-tab-title elementor-tab-mobile-title\" aria-selected=\"false\" data-tab=\"2\" role=\"tab\" tabindex=\"-1\" aria-controls=\"elementor-tab-content-2462\" aria-expanded=\"false\">PILOTOS<\/div>\n\t\t\t\t\t<div id=\"elementor-tab-content-2462\" class=\"elementor-tab-content elementor-clearfix\" data-tab=\"2\" role=\"tabpanel\" aria-labelledby=\"elementor-tab-title-2462\" tabindex=\"0\" hidden=\"hidden\"><ol><li><strong>La asistencia al briefing es obligatoria<\/strong>. Al asistir al Briefing se sellar\u00e1 la pulsera confirmando que el piloto ha asistido a dicho briefing. Sin la pulsera sellada el piloto no podr\u00e1 salir a pista.<\/li><li><strong>Solo podr\u00e1n acceder a pista los pilotos inscritos en el evento<\/strong>.<\/li><li><strong>Est\u00e1 terminantemente prohibido consumir bebidas alcoh\u00f3licas o drogas<\/strong>. En caso de que se incumpla esta norma la organizaci\u00f3n desalojar\u00e1 al piloto de la pista o de las instalaciones.<\/li><li><strong>Todos los pilotos deber\u00e1n ir convenientemente equipados con:<\/strong><ul><li>Mono de cuero. En el caso de mono de dos piezas, la chaqueta y el pantal\u00f3n deber\u00e1n unirse con cremallera para evitar quemaduras en caso de ca\u00edda. Deber\u00e1n llevar protecciones r\u00edgidas en hombros, codos, rodillas y cadera (no r\u00edgido). No est\u00e1n permitidos los trajes de cordura, solo se podr\u00e1 rodar con mono de cuero.<\/li><li>Casco integral, est\u00e1n permitidos los cierres de doble hebilla o click.<\/li><li>Botas altas y guantes de cuero largos.<\/li><li>La espaldera es aconsejable.<\/li><\/ul><\/li><\/ol><\/div>\n\t\t\t\t\t\t\t\t\t<div class=\"elementor-tab-title elementor-tab-mobile-title\" aria-selected=\"false\" data-tab=\"3\" role=\"tab\" tabindex=\"-1\" aria-controls=\"elementor-tab-content-2463\" aria-expanded=\"false\">MOTOS<\/div>\n\t\t\t\t\t<div id=\"elementor-tab-content-2463\" class=\"elementor-tab-content elementor-clearfix\" data-tab=\"3\" role=\"tabpanel\" aria-labelledby=\"elementor-tab-title-2463\" tabindex=\"0\" hidden=\"hidden\"><ol><li><strong>Las motos se encuentran en\u00a0 perfecto estado de marcha.<\/strong><\/li><li><strong>Si la organizaci\u00f3n detecta<\/strong>\u00a0que una moto no cumple con las medidas de seguridad necesarias para poder rodar sin ocasionar una ca\u00edda al participantes o a otros participantes, podr\u00e1 ser paralizada hasta que subsane las incidencias detectadas.<\/li><li><strong>No est\u00e1 permitido llevar c\u00e1maras de grabaci\u00f3n sujetas en el casco o en el cuerpo.\u00a0<\/strong>Solo podr\u00e1n ir sujetas en la moto de forma segura y en ning\u00fan caso con palo extensible.<\/li><\/ol><\/div>\n\t\t\t\t\t\t\t\t\t<div class=\"elementor-tab-title elementor-tab-mobile-title\" aria-selected=\"false\" data-tab=\"4\" role=\"tab\" tabindex=\"-1\" aria-controls=\"elementor-tab-content-2464\" aria-expanded=\"false\">PISTA<\/div>\n\t\t\t\t\t<div id=\"elementor-tab-content-2464\" class=\"elementor-tab-content elementor-clearfix\" data-tab=\"4\" role=\"tabpanel\" aria-labelledby=\"elementor-tab-title-2464\" tabindex=\"0\" hidden=\"hidden\"><ol><li><strong>No se puede cambiar el sentido de giro del circuito<\/strong>, ni parar en pista, bajo ning\u00fan concepto ni circunstancia. En caso de ser necesario parar por fuerza mayor, deber\u00e1 hacerlo fuera de pista y lo m\u00e1s pegado a las protecciones de neum\u00e1ticos, una vez pasada toda la escapatoria de grava.<\/li><li><strong>Se deber\u00e1 procurar retirar la moto de la pista lo antes posible<\/strong>, en caso de aver\u00eda o ca\u00edda, con el fin de evitar accidentes. Los dem\u00e1s pilotos no se podr\u00e1n parar a ayudar, ya que eso provocar\u00eda situaciones de m\u00e1s peligro. Los comisarios se encargar\u00e1n de ayudar o poner la asistencia necesaria.<\/li><li><strong>En caso de que la organizaci\u00f3n considere temerario el pilotaje de alg\u00fan piloto<\/strong>, o no est\u00e9 identificado con la pegatina de su tanda y su pulsera sellada, este ser\u00e1 retirado inmediatamente de la pista o incluso de las instalaciones.<\/li><li><strong>Est\u00e1 totalmente prohibido pararse en la pista<\/strong>, hacer caballitos e invertidos ya que ponen en peligro a los dem\u00e1s pilotos.<\/li><li><strong>Los monitores van identificados con monos de la organizaci\u00f3n<\/strong>\u00a0y se encuentran en la pista comprobando el cumplimiento de las normas para la seguridad de los participantes. Si alg\u00fan piloto no cumpliese las normas, estos se ver\u00e1n obligados a expulsarlo de las instalaciones.<\/li><li><strong>Las salidas a pista desde pit-line se debe hacer siempre mirando si viene alg\u00fan piloto<\/strong>. En caso de no tener claro la salida a pista deber\u00e1 dejar que pase el piloto o pilotos que van en pista para evitar situaciones de peligro. Igualmente para salir de pista a boxes deber\u00e1 indicar a los pilotos que van detr\u00e1s levantando la mano izquierda. Deber\u00e1 indicarlo con suficiente antelaci\u00f3n para que no se produzca una situaci\u00f3n de peligro.<\/li><li><strong>Hay que saber y tener muy en cuenta el significado de las banderas,<\/strong>\u00a0que es el siguiente:<ul><li><strong>Bandera roja:<\/strong>\u00a0Interrupci\u00f3n de la tanda. Indica que la tanda se ha interrumpido al existir un peligro en pista para los dem\u00e1s pilotos. Se debe regresar inmediatamente a los boxes reduciendo la velocidad. No se puede adelantar al piloto que va delante.<\/li><li><strong>Bandera amarilla:<\/strong>\u00a0Se\u00f1al de peligro. Se mostrar\u00e1 agitada en el puesto de control anterior al incidente, en ese caso se debe aminorar la marcha y estar atento ante el posible peligro. No se puede adelantar.<\/li><li><strong>Bandera amarilla con franjas rojas:<\/strong>\u00a0Se mostrar\u00e1 cuando los comisarios observen que hay problemas de adherencia en la pista debido a que una moto pierda aceite o liquido anticongelante.<\/li><li><strong>Bandera verde:<\/strong>\u00a0Pista libre. La bandera verde se mostrar\u00e1 al inicio de cada tanda y en los puestos posteriores a los incidentes indicando que la pista est\u00e1 en perfectas condiciones.<\/li><li><strong>Bandera a cuadros:<\/strong>\u00a0Final de la tanda. La bandera a cuadros indica el final de la tanda, en la siguiente vuelta todas las motos deber\u00e1n entrar en los boxes.<\/li><li><strong>Bandera negra:<\/strong>\u00a0Obligaci\u00f3n de entrar en boxes. La bandera negra mostrada en la isleta a un determinado piloto obliga el mismo a entrar a boxes por alguna circunstancia particular que le ser\u00e1 comunicado inmediatamente.<\/li><\/ul><\/li><\/ol><\/div>\n\t\t\t\t\t\t\t\t\t<div class=\"elementor-tab-title elementor-tab-mobile-title\" aria-selected=\"false\" data-tab=\"5\" role=\"tab\" tabindex=\"-1\" aria-controls=\"elementor-tab-content-2465\" aria-expanded=\"false\">LLUVIA<\/div>\n\t\t\t\t\t<div id=\"elementor-tab-content-2465\" class=\"elementor-tab-content elementor-clearfix\" data-tab=\"5\" role=\"tabpanel\" aria-labelledby=\"elementor-tab-title-2465\" tabindex=\"0\" hidden=\"hidden\"><ol><li><b>48h antes de evento se estudiar\u00e1 la previsi\u00f3n meteorol\u00f3gica:<\/b><ol><li><b>En caso de 100% probabilidad de lluvia o mal estado de la pista ,<\/b> el evento se aplazar\u00e1 a otra fecha posterior.\u00a0<\/li><li>En caso de riesgo de lluvia, la organizaci\u00f3n estudiar\u00e1 la situaci\u00f3n en funci\u00f3n del estado de la pista y la lluvia en d\u00edas previos.<\/li><\/ol><\/li><li><strong>En el caso de tener que aplazar un evento por motivos meteorol\u00f3gicos<\/strong>, se facilitar\u00e1 a los afectados diferentes fechas alternativas. <strong>En ning\u00fan caso se devolver\u00e1 el importe de la inscripci\u00f3n<\/strong> en el correspondiente evento.<\/li><\/ol><\/div>\n\t\t\t\t\t\t\t<\/div>\n\t\t<\/div>\n\t\t\t\t\t\t<\/div>\n\t\t\t\t<\/div>\n\t\t\t\t\t<\/div>\n\t\t<\/div>\n\t\t\t\t\t<\/div>\n\t\t<\/section>\n\t\t\t\t<\/div>","protected":false},"excerpt":{"rendered":"<p>INSCRIPCIONES PILOTOS MOTOS PISTA LLUVIA INSCRIPCIONES Para recoger la inscripci\u00f3n es necesario presentar el DNI. En caso de tener Forfait anual deber\u00e1 presentar certificado de la aseguradora. Es necesario que [&hellip;]<\/p>","protected":false},"author":4,"featured_media":0,"parent":0,"menu_order":0,"comment_status":"closed","ping_status":"closed","template":"","meta":{"_uag_custom_page_level_css":"","site-sidebar-layout":"no-sidebar","site-content-layout":"page-builder","ast-site-content-layout":"full-width-container","site-content-style":"default","site-sidebar-style":"default","ast-global-header-display":"","ast-banner-title-visibility":"","ast-main-header-display":"","ast-hfb-above-header-display":"","ast-hfb-below-header-display":"","ast-hfb-mobile-header-display":"","site-post-title":"disabled","ast-breadcrumbs-content":"","ast-featured-img":"disabled","footer-sml-layout":"","theme-transparent-header-meta":"","adv-header-id-meta":"","stick-header-meta":"","header-above-stick-meta":"","header-main-stick-meta":"","header-below-stick-meta":"","astra-migrate-meta-layouts":"set","ast-page-background-enabled":"default","ast-page-background-meta":{"desktop":{"background-color":"","background-image":"","background-repeat":"repeat","background-position":"center center","background-size":"auto","background-attachment":"scroll","background-type":"","background-media":"","overlay-type":"","overlay-color":"","overlay-gradient":""},"tablet":{"background-color":"","background-image":"","background-repeat":"repeat","background-position":"center center","background-size":"auto","background-attachment":"scroll","background-type":"","background-media":"","overlay-type":"","overlay-color":"","overlay-gradient":""},"mobile":{"background-color":"","background-image":"","background-repeat":"repeat","background-position":"center center","background-size":"auto","background-attachment":"scroll","background-type":"","background-media":"","overlay-type":"","overlay-color":"","overlay-gradient":""}},"ast-content-background-meta":{"desktop":{"background-color":"var(--ast-global-color-5)","background-image":"","background-repeat":"repeat","background-position":"center center","background-size":"auto","background-attachment":"scroll","background-type":"","background-media":"","overlay-type":"","overlay-color":"","overlay-gradient":""},"tablet":{"background-color":"var(--ast-global-color-5)","background-image":"","background-repeat":"repeat","background-position":"center center","background-size":"auto","background-attachment":"scroll","background-type":"","background-media":"","overlay-type":"","overlay-color":"","overlay-gradient":""},"mobile":{"background-color":"var(--ast-global-color-5)","background-image":"","background-repeat":"repeat","background-position":"center center","background-size":"auto","background-attachment":"scroll","background-type":"","background-media":"","overlay-type":"","overlay-color":"","overlay-gradient":""}},"footnotes":""},"class_list":["post-2131","page","type-page","status-publish","hentry"],"yoast_head":"<!-- This site is optimized with the Yoast SEO plugin v25.2 - https:\/\/yoast.com\/wordpress\/plugins\/seo\/ -->\n<title>Normas -<\/title>\n<meta name=\"robots\" content=\"index, follow, max-snippet:-1, max-image-preview:large, max-video-preview:-1\" \/>\n<link rel=\"canonical\" href=\"https:\/\/nkteam.es\/en\/normas\/\" \/>\n<meta property=\"og:locale\" content=\"en_GB\" \/>\n<meta property=\"og:type\" content=\"article\" \/>\n<meta property=\"og:title\" content=\"Normas -\" \/>\n<meta property=\"og:description\" content=\"INSCRIPCIONES PILOTOS MOTOS PISTA LLUVIA INSCRIPCIONES Para recoger la inscripci\u00f3n es necesario presentar el DNI. En caso de tener Forfait anual deber\u00e1 presentar certificado de la aseguradora. Es necesario que [&hellip;]\" \/>\n<meta property=\"og:url\" content=\"https:\/\/nkteam.es\/en\/normas\/\" \/>\n<meta property=\"article:modified_time\" content=\"2025-11-28T11:28:52+00:00\" \/>\n<meta name=\"twitter:card\" content=\"summary_large_image\" \/>\n<meta name=\"twitter:label1\" content=\"Estimated reading time\" \/>\n\t<meta name=\"twitter:data1\" content=\"5 minutes\" \/>\n<script type=\"application\/ld+json\" class=\"yoast-schema-graph\">{\"@context\":\"https:\/\/schema.org\",\"@graph\":[{\"@type\":\"WebPage\",\"@id\":\"https:\/\/nkteam.es\/normas\",\"url\":\"https:\/\/nkteam.es\/normas\",\"name\":\"Normas -\",\"isPartOf\":{\"@id\":\"https:\/\/nkteam.es\/#website\"},\"datePublished\":\"2024-03-27T17:14:30+00:00\",\"dateModified\":\"2025-11-28T11:28:52+00:00\",\"breadcrumb\":{\"@id\":\"https:\/\/nkteam.es\/normas#breadcrumb\"},\"inLanguage\":\"en-GB\",\"potentialAction\":[{\"@type\":\"ReadAction\",\"target\":[\"https:\/\/nkteam.es\/normas\"]}]},{\"@type\":\"BreadcrumbList\",\"@id\":\"https:\/\/nkteam.es\/normas#breadcrumb\",\"itemListElement\":[{\"@type\":\"ListItem\",\"position\":1,\"name\":\"Pitbike\",\"item\":\"https:\/\/nkteam.es\/\"},{\"@type\":\"ListItem\",\"position\":2,\"name\":\"Normas\"}]},{\"@type\":\"WebSite\",\"@id\":\"https:\/\/nkteam.es\/#website\",\"url\":\"https:\/\/nkteam.es\/\",\"name\":\"\",\"description\":\"\",\"potentialAction\":[{\"@type\":\"SearchAction\",\"target\":{\"@type\":\"EntryPoint\",\"urlTemplate\":\"https:\/\/nkteam.es\/?s={search_term_string}\"},\"query-input\":{\"@type\":\"PropertyValueSpecification\",\"valueRequired\":true,\"valueName\":\"search_term_string\"}}],\"inLanguage\":\"en-GB\"}]}<\/script>\n<!-- \/ Yoast SEO plugin. -->","yoast_head_json":{"title":"Normas -","robots":{"index":"index","follow":"follow","max-snippet":"max-snippet:-1","max-image-preview":"max-image-preview:large","max-video-preview":"max-video-preview:-1"},"canonical":"https:\/\/nkteam.es\/en\/normas\/","og_locale":"en_GB","og_type":"article","og_title":"Normas -","og_description":"INSCRIPCIONES PILOTOS MOTOS PISTA LLUVIA INSCRIPCIONES Para recoger la inscripci\u00f3n es necesario presentar el DNI. En caso de tener Forfait anual deber\u00e1 presentar certificado de la aseguradora. Es necesario que [&hellip;]","og_url":"https:\/\/nkteam.es\/en\/normas\/","article_modified_time":"2025-11-28T11:28:52+00:00","twitter_card":"summary_large_image","twitter_misc":{"Estimated reading time":"5 minutes"},"schema":{"@context":"https:\/\/schema.org","@graph":[{"@type":"WebPage","@id":"https:\/\/nkteam.es\/normas","url":"https:\/\/nkteam.es\/normas","name":"Normas -","isPartOf":{"@id":"https:\/\/nkteam.es\/#website"},"datePublished":"2024-03-27T17:14:30+00:00","dateModified":"2025-11-28T11:28:52+00:00","breadcrumb":{"@id":"https:\/\/nkteam.es\/normas#breadcrumb"},"inLanguage":"en-GB","potentialAction":[{"@type":"ReadAction","target":["https:\/\/nkteam.es\/normas"]}]},{"@type":"BreadcrumbList","@id":"https:\/\/nkteam.es\/normas#breadcrumb","itemListElement":[{"@type":"ListItem","position":1,"name":"Pitbike","item":"https:\/\/nkteam.es\/"},{"@type":"ListItem","position":2,"name":"Normas"}]},{"@type":"WebSite","@id":"https:\/\/nkteam.es\/#website","url":"https:\/\/nkteam.es\/","name":"","description":"","potentialAction":[{"@type":"SearchAction","target":{"@type":"EntryPoint","urlTemplate":"https:\/\/nkteam.es\/?s={search_term_string}"},"query-input":{"@type":"PropertyValueSpecification","valueRequired":true,"valueName":"search_term_string"}}],"inLanguage":"en-GB"}]}},"uagb_featured_image_src":{"full":false,"thumbnail":false,"medium":false,"medium_large":false,"large":false,"1536x1536":false,"2048x2048":false,"trp-custom-language-flag":false,"woocommerce_thumbnail":false,"woocommerce_single":false,"woocommerce_gallery_thumbnail":false},"uagb_author_info":{"display_name":"MDur\u00e1n","author_link":"https:\/\/nkteam.es\/en\/author\/14635410g"},"uagb_comment_info":0,"uagb_excerpt":"INSCRIPCIONES PILOTOS MOTOS PISTA LLUVIA INSCRIPCIONES Para recoger la inscripci\u00f3n es necesario presentar el DNI. En caso de tener Forfait anual deber\u00e1 presentar certificado de la aseguradora. Es necesario que [&hellip;]","jetpack_sharing_enabled":true,"_links":{"self":[{"href":"https:\/\/nkteam.es\/en\/wp-json\/wp\/v2\/pages\/2131","targetHints":{"allow":["GET"]}}],"collection":[{"href":"https:\/\/nkteam.es\/en\/wp-json\/wp\/v2\/pages"}],"about":[{"href":"https:\/\/nkteam.es\/en\/wp-json\/wp\/v2\/types\/page"}],"author":[{"embeddable":true,"href":"https:\/\/nkteam.es\/en\/wp-json\/wp\/v2\/users\/4"}],"replies":[{"embeddable":true,"href":"https:\/\/nkteam.es\/en\/wp-json\/wp\/v2\/comments?post=2131"}],"version-history":[{"count":10,"href":"https:\/\/nkteam.es\/en\/wp-json\/wp\/v2\/pages\/2131\/revisions"}],"predecessor-version":[{"id":3920,"href":"https:\/\/nkteam.es\/en\/wp-json\/wp\/v2\/pages\/2131\/revisions\/3920"}],"wp:attachment":[{"href":"https:\/\/nkteam.es\/en\/wp-json\/wp\/v2\/media?parent=2131"}],"curies":[{"name":"wp","href":"https:\/\/api.w.org\/{rel}","templated":true}]}}